{"id":18783,"date":"2024-12-13T08:21:43","date_gmt":"2024-12-13T07:21:43","guid":{"rendered":"https:\/\/angelis.agency\/?page_id=18783"},"modified":"2024-12-13T08:38:30","modified_gmt":"2024-12-13T07:38:30","slug":"seo","status":"publish","type":"page","link":"https:\/\/angelis.agency\/sl\/nase-storitve\/seo\/","title":{"rendered":"SEO"},"content":{"rendered":"\t\t<div data-elementor-type=\"wp-page\" data-elementor-id=\"18783\" class=\"elementor elementor-18783\">\n\t\t\t\t\t\t<section class=\"elementor-section elementor-top-section elementor-element elementor-element-78d271b elementor-section-stretched elementor-section-boxed elementor-section-height-default elementor-section-height-default\" data-id=\"78d271b\" data-element_type=\"section\" data-settings=\"{&quot;stretch_section&quot;:&quot;section-stretched&quot;,&quot;background_background&quot;:&quot;classic&quot;}\">\n\t\t\t\t\t\t<div class=\"elementor-container elementor-column-gap-default\">\n\t\t\t\t\t<div class=\"elementor-column elementor-col-50 elementor-top-column elementor-element elementor-element-b4096a5\" data-id=\"b4096a5\" data-element_type=\"column\" data-settings=\"{&quot;avante_ext_is_scrollme&quot;:&quot;false&quot;,&quot;avante_ext_is_smoove&quot;:&quot;false&quot;,&quot;avante_ext_is_parallax_mouse&quot;:&quot;false&quot;,&quot;avante_ext_is_infinite&quot;:&quot;false&quot;,&quot;avante_ext_link_sidemenu&quot;:&quot;false&quot;}\">\n\t\t\t<div class=\"elementor-widget-wrap elementor-element-populated\">\n\t\t\t\t\t\t<div class=\"elementor-element elementor-element-791f036 elementor-widget-mobile__width-inherit elementor-widget elementor-widget-heading\" data-id=\"791f036\" data-element_type=\"widget\" data-settings=\"{&quot;avante_ext_is_scrollme&quot;:&quot;false&quot;,&quot;avante_ext_is_parallax_mouse&quot;:&quot;false&quot;,&quot;avante_ext_is_infinite&quot;:&quot;false&quot;,&quot;avante_ext_link_sidemenu&quot;:&quot;false&quot;}\" data-widget_type=\"heading.default\">\n\t\t\t\t<div class=\"elementor-widget-container\">\n\t\t\t\t\t<h1 class=\"elementor-heading-title elementor-size-default\">On-site <br>SEO optimizacija <\/h1>\t\t\t\t<\/div>\n\t\t\t\t<\/div>\n\t\t\t\t<div class=\"elementor-element elementor-element-55148b6 elementor-widget elementor-widget-heading\" data-id=\"55148b6\" data-element_type=\"widget\" data-settings=\"{&quot;avante_ext_is_scrollme&quot;:&quot;false&quot;,&quot;avante_ext_is_smoove&quot;:&quot;false&quot;,&quot;avante_ext_is_parallax_mouse&quot;:&quot;false&quot;,&quot;avante_ext_is_infinite&quot;:&quot;false&quot;,&quot;avante_ext_link_sidemenu&quot;:&quot;false&quot;}\" data-widget_type=\"heading.default\">\n\t\t\t\t<div class=\"elementor-widget-container\">\n\t\t\t\t\t<h2 class=\"elementor-heading-title elementor-size-xl\">Izbolj\u0161ajte vidnost va\u0161e spletne strani<\/h2>\t\t\t\t<\/div>\n\t\t\t\t<\/div>\n\t\t\t\t<div class=\"elementor-element elementor-element-55e5edc elementor-widget__width-auto elementor-widget-mobile__width-inherit elementor-widget elementor-widget-heading\" data-id=\"55e5edc\" data-element_type=\"widget\" data-settings=\"{&quot;avante_ext_is_scrollme&quot;:&quot;false&quot;,&quot;avante_ext_is_parallax_mouse&quot;:&quot;false&quot;,&quot;avante_ext_is_infinite&quot;:&quot;false&quot;,&quot;avante_ext_link_sidemenu&quot;:&quot;false&quot;}\" data-widget_type=\"heading.default\">\n\t\t\t\t<div class=\"elementor-widget-container\">\n\t\t\t\t\t<div class=\"elementor-heading-title elementor-size-default\">Celovita re\u0161itev za optimizacijo va\u0161e spletne strani \u2013 pove\u010dajte obisk, izbolj\u0161ajte uporabni\u0161ko izku\u0161njo in pridobite ve\u010d strank!<\/div>\t\t\t\t<\/div>\n\t\t\t\t<\/div>\n\t\t\t\t\t<\/div>\n\t\t<\/div>\n\t\t\t\t<div class=\"elementor-column elementor-col-50 elementor-top-column elementor-element elementor-element-1fbfc49\" data-id=\"1fbfc49\" data-element_type=\"column\" data-settings=\"{&quot;avante_ext_is_scrollme&quot;:&quot;false&quot;,&quot;avante_ext_is_smoove&quot;:&quot;false&quot;,&quot;avante_ext_is_parallax_mouse&quot;:&quot;false&quot;,&quot;avante_ext_is_infinite&quot;:&quot;false&quot;,&quot;avante_ext_link_sidemenu&quot;:&quot;false&quot;}\">\n\t\t\t<div class=\"elementor-widget-wrap elementor-element-populated\">\n\t\t\t\t\t\t<div class=\"elementor-element elementor-element-7456732 elementor-widget elementor-widget-image\" data-id=\"7456732\" data-element_type=\"widget\" data-settings=\"{&quot;avante_ext_is_scrollme&quot;:&quot;false&quot;,&quot;avante_ext_is_smoove&quot;:&quot;false&quot;,&quot;avante_ext_is_parallax_mouse&quot;:&quot;false&quot;,&quot;avante_ext_is_infinite&quot;:&quot;false&quot;,&quot;avante_ext_link_sidemenu&quot;:&quot;false&quot;}\" data-widget_type=\"image.default\">\n\t\t\t\t<div class=\"elementor-widget-container\">\n\t\t\t\t\t\t\t\t\t\t\t\t\t\t\t<img fetchpriority=\"high\" decoding=\"async\" width=\"679\" height=\"644\" src=\"https:\/\/static.angelis.si\/uploads\/2021\/12\/2-1.svg\" class=\"attachment-large size-large wp-image-11768\" alt=\"\" \/>\t\t\t\t\t\t\t\t\t\t\t\t\t\t\t<\/div>\n\t\t\t\t<\/div>\n\t\t\t\t\t<\/div>\n\t\t<\/div>\n\t\t\t\t\t<\/div>\n\t\t<\/section>\n\t\t<div class=\"elementor-element elementor-element-87f00be e-flex e-con-boxed e-con e-parent\" data-id=\"87f00be\" data-element_type=\"container\">\n\t\t\t\t\t<div class=\"e-con-inner\">\n\t\t\t\t<div class=\"elementor-element elementor-element-abe17c8 elementor-widget elementor-widget-text-editor\" data-id=\"abe17c8\" data-element_type=\"widget\" data-settings=\"{&quot;avante_ext_is_scrollme&quot;:&quot;false&quot;,&quot;avante_ext_is_smoove&quot;:&quot;false&quot;,&quot;avante_ext_is_parallax_mouse&quot;:&quot;false&quot;,&quot;avante_ext_is_infinite&quot;:&quot;false&quot;,&quot;avante_ext_link_sidemenu&quot;:&quot;false&quot;}\" data-widget_type=\"text-editor.default\">\n\t\t\t\t<div class=\"elementor-widget-container\">\n\t\t\t\t\t\t\t\t\t<p>On-site SEO je klju\u010den korak pri izbolj\u0161anju pozicije va\u0161e spletne strani v iskalnikih. Osredoto\u010damo se na tehni\u010dno, vsebinsko in vizualno optimizacijo va\u0161e strani, da zagotovimo bolj\u0161o vidnost, hitrej\u0161e nalaganje in prijetno uporabni\u0161ko izku\u0161njo. Spodaj vam predstavljamo <strong>aktualne SEO smernice<\/strong>, po katerih lahko uredimo tudi va\u0161o spletno mesto:\u00a0<\/p><p><strong>1. Pregled trenutnega stanja<\/strong><br \/>Najprej analiziramo trenutno stanje va\u0161e spletne strani.<\/p><p><strong>2. Raziskava klju\u010dnih besed<\/strong><br \/>Identificiramo klju\u010dne besede, ki bodo pripomogle k bolj\u0161emu rangiranju va\u0161e strani.Vklju\u010deno do 5 klju\u010dnih besed.<\/p><p><strong>3. Optimizacija meta oznak<\/strong><br \/>Pripravimo privla\u010dne meta naslove ter opise, ki vklju\u010dujejo ustrezne klju\u010dne besede in spodbujajo klike.<\/p><p><strong>4. Urejanje struktur URL-jev<\/strong><br \/>Preoblikujemo URL-je v \u010diste in SEO-prijazne, da so enostavni za branje in vklju\u010dujejo klju\u010dne besede.<\/p><p><strong>5. Hitrost nalaganja strani<\/strong><br \/>Izbolj\u0161amo hitrost nalaganja strani s stiskanjem slik in optimizacijo kode.<\/p><p><strong>6. Notranje povezave<\/strong><br \/>Vzpostavimo povezave med sorodnimi stranmi, kjer je to smisleno, da izbolj\u0161amo navigacijo in pove\u010damo \u010das, ki ga obiskovalci pre\u017eivijo na strani.<\/p><p><strong>7. Pregled in popravki 404<\/strong> <strong>napak<\/strong><br \/>Identificiramo in odpravimo prekinjene povezave ter popravimo strani s 404 napakami.<\/p><p><strong>8. Robots.txt in XML sitemap<\/strong><br \/>Pripravimo datoteke robots.txt in XML zemljevid, ki pomagata iskalnikom pri indeksiranju va\u0161e strani.<\/p>\t\t\t\t\t\t\t\t<\/div>\n\t\t\t\t<\/div>\n\t\t\t\t\t<\/div>\n\t\t\t\t<\/div>\n\t\t\t\t<\/div>\n\t\t","protected":false},"excerpt":{"rendered":"<p>On-site SEO optimizacija Izbolj\u0161ajte vidnost va\u0161e spletne strani Celovita re\u0161itev za optimizacijo va\u0161e spletne strani \u2013 pove\u010dajte obisk, izbolj\u0161ajte uporabni\u0161ko izku\u0161njo in pridobite ve\u010d strank! On-site SEO je klju\u010den korak pri izbolj\u0161anju pozicije va\u0161e spletne strani v iskalnikih. Osredoto\u010damo se [&hellip;]<\/p>\n","protected":false},"author":5,"featured_media":0,"parent":11874,"menu_order":0,"comment_status":"closed","ping_status":"closed","template":"","meta":{"inline_featured_image":false,"footnotes":""},"class_list":["post-18783","page","type-page","status-publish","hentry"],"yoast_head":"<!-- This site is optimized with the Yoast SEO Premium plugin v22.6 (Yoast SEO v25.2) - https:\/\/yoast.com\/wordpress\/plugins\/seo\/ -->\n<title>SEO - ANGELIS AGENCY<\/title>\n<meta name=\"robots\" content=\"index, follow, max-snippet:-1, max-image-preview:large, max-video-preview:-1\" \/>\n<link rel=\"canonical\" href=\"https:\/\/angelis.agency\/sl\/nase-storitve\/seo\/\" \/>\n<meta property=\"og:locale\" content=\"sl_SI\" \/>\n<meta property=\"og:type\" content=\"article\" \/>\n<meta property=\"og:title\" content=\"SEO\" \/>\n<meta property=\"og:description\" content=\"On-site SEO optimizacija Izbolj\u0161ajte vidnost va\u0161e spletne strani Celovita re\u0161itev za optimizacijo va\u0161e spletne strani \u2013 pove\u010dajte obisk, izbolj\u0161ajte uporabni\u0161ko izku\u0161njo in pridobite ve\u010d strank! On-site SEO je klju\u010den korak pri izbolj\u0161anju pozicije va\u0161e spletne strani v iskalnikih. Osredoto\u010damo se [&hellip;]\" \/>\n<meta property=\"og:url\" content=\"https:\/\/angelis.agency\/sl\/nase-storitve\/seo\/\" \/>\n<meta property=\"og:site_name\" content=\"ANGELIS AGENCY\" \/>\n<meta property=\"article:modified_time\" content=\"2024-12-13T07:38:30+00:00\" \/>\n<meta name=\"twitter:card\" content=\"summary_large_image\" \/>\n<meta name=\"twitter:label1\" content=\"Est. reading time\" \/>\n\t<meta name=\"twitter:data1\" content=\"2 minuti\" \/>\n<script type=\"application\/ld+json\" class=\"yoast-schema-graph\">{\"@context\":\"https:\/\/schema.org\",\"@graph\":[{\"@type\":\"WebPage\",\"@id\":\"https:\/\/angelis.agency\/sl\/nase-storitve\/seo\/\",\"url\":\"https:\/\/angelis.agency\/sl\/nase-storitve\/seo\/\",\"name\":\"SEO - ANGELIS AGENCY\",\"isPartOf\":{\"@id\":\"https:\/\/angelis.agency\/sl\/#website\"},\"primaryImageOfPage\":{\"@id\":\"https:\/\/angelis.agency\/sl\/nase-storitve\/seo\/#primaryimage\"},\"image\":{\"@id\":\"https:\/\/angelis.agency\/sl\/nase-storitve\/seo\/#primaryimage\"},\"thumbnailUrl\":\"https:\/\/static.angelis.si\/uploads\/2021\/12\/2-1.svg\",\"datePublished\":\"2024-12-13T07:21:43+00:00\",\"dateModified\":\"2024-12-13T07:38:30+00:00\",\"breadcrumb\":{\"@id\":\"https:\/\/angelis.agency\/sl\/nase-storitve\/seo\/#breadcrumb\"},\"inLanguage\":\"sl-SI\",\"potentialAction\":[{\"@type\":\"ReadAction\",\"target\":[\"https:\/\/angelis.agency\/sl\/nase-storitve\/seo\/\"]}]},{\"@type\":\"ImageObject\",\"inLanguage\":\"sl-SI\",\"@id\":\"https:\/\/angelis.agency\/sl\/nase-storitve\/seo\/#primaryimage\",\"url\":\"https:\/\/static.angelis.si\/uploads\/2021\/12\/2-1.svg\",\"contentUrl\":\"https:\/\/static.angelis.si\/uploads\/2021\/12\/2-1.svg\"},{\"@type\":\"BreadcrumbList\",\"@id\":\"https:\/\/angelis.agency\/sl\/nase-storitve\/seo\/#breadcrumb\",\"itemListElement\":[{\"@type\":\"ListItem\",\"position\":1,\"name\":\"Home\",\"item\":\"https:\/\/angelis.agency\/sl\/\"},{\"@type\":\"ListItem\",\"position\":2,\"name\":\"Na\u0161e storitve\",\"item\":\"https:\/\/angelis.agency\/en\/our-services\/\"},{\"@type\":\"ListItem\",\"position\":3,\"name\":\"SEO\"}]},{\"@type\":\"WebSite\",\"@id\":\"https:\/\/angelis.agency\/sl\/#website\",\"url\":\"https:\/\/angelis.agency\/sl\/\",\"name\":\"ANGELIS AGENCY\",\"description\":\"\",\"potentialAction\":[{\"@type\":\"SearchAction\",\"target\":{\"@type\":\"EntryPoint\",\"urlTemplate\":\"https:\/\/angelis.agency\/sl\/?s={search_term_string}\"},\"query-input\":{\"@type\":\"PropertyValueSpecification\",\"valueRequired\":true,\"valueName\":\"search_term_string\"}}],\"inLanguage\":\"sl-SI\"}]}<\/script>\n<!-- \/ Yoast SEO Premium plugin. -->","yoast_head_json":{"title":"SEO - ANGELIS AGENCY","robots":{"index":"index","follow":"follow","max-snippet":"max-snippet:-1","max-image-preview":"max-image-preview:large","max-video-preview":"max-video-preview:-1"},"canonical":"https:\/\/angelis.agency\/sl\/nase-storitve\/seo\/","og_locale":"sl_SI","og_type":"article","og_title":"SEO","og_description":"On-site SEO optimizacija Izbolj\u0161ajte vidnost va\u0161e spletne strani Celovita re\u0161itev za optimizacijo va\u0161e spletne strani \u2013 pove\u010dajte obisk, izbolj\u0161ajte uporabni\u0161ko izku\u0161njo in pridobite ve\u010d strank! On-site SEO je klju\u010den korak pri izbolj\u0161anju pozicije va\u0161e spletne strani v iskalnikih. Osredoto\u010damo se [&hellip;]","og_url":"https:\/\/angelis.agency\/sl\/nase-storitve\/seo\/","og_site_name":"ANGELIS AGENCY","article_modified_time":"2024-12-13T07:38:30+00:00","twitter_card":"summary_large_image","twitter_misc":{"Est. reading time":"2 minuti"},"schema":{"@context":"https:\/\/schema.org","@graph":[{"@type":"WebPage","@id":"https:\/\/angelis.agency\/sl\/nase-storitve\/seo\/","url":"https:\/\/angelis.agency\/sl\/nase-storitve\/seo\/","name":"SEO - ANGELIS AGENCY","isPartOf":{"@id":"https:\/\/angelis.agency\/sl\/#website"},"primaryImageOfPage":{"@id":"https:\/\/angelis.agency\/sl\/nase-storitve\/seo\/#primaryimage"},"image":{"@id":"https:\/\/angelis.agency\/sl\/nase-storitve\/seo\/#primaryimage"},"thumbnailUrl":"https:\/\/static.angelis.si\/uploads\/2021\/12\/2-1.svg","datePublished":"2024-12-13T07:21:43+00:00","dateModified":"2024-12-13T07:38:30+00:00","breadcrumb":{"@id":"https:\/\/angelis.agency\/sl\/nase-storitve\/seo\/#breadcrumb"},"inLanguage":"sl-SI","potentialAction":[{"@type":"ReadAction","target":["https:\/\/angelis.agency\/sl\/nase-storitve\/seo\/"]}]},{"@type":"ImageObject","inLanguage":"sl-SI","@id":"https:\/\/angelis.agency\/sl\/nase-storitve\/seo\/#primaryimage","url":"https:\/\/static.angelis.si\/uploads\/2021\/12\/2-1.svg","contentUrl":"https:\/\/static.angelis.si\/uploads\/2021\/12\/2-1.svg"},{"@type":"BreadcrumbList","@id":"https:\/\/angelis.agency\/sl\/nase-storitve\/seo\/#breadcrumb","itemListElement":[{"@type":"ListItem","position":1,"name":"Home","item":"https:\/\/angelis.agency\/sl\/"},{"@type":"ListItem","position":2,"name":"Na\u0161e storitve","item":"https:\/\/angelis.agency\/en\/our-services\/"},{"@type":"ListItem","position":3,"name":"SEO"}]},{"@type":"WebSite","@id":"https:\/\/angelis.agency\/sl\/#website","url":"https:\/\/angelis.agency\/sl\/","name":"ANGELIS AGENCY","description":"","potentialAction":[{"@type":"SearchAction","target":{"@type":"EntryPoint","urlTemplate":"https:\/\/angelis.agency\/sl\/?s={search_term_string}"},"query-input":{"@type":"PropertyValueSpecification","valueRequired":true,"valueName":"search_term_string"}}],"inLanguage":"sl-SI"}]}},"_links":{"self":[{"href":"https:\/\/angelis.agency\/sl\/wp-json\/wp\/v2\/pages\/18783","targetHints":{"allow":["GET"]}}],"collection":[{"href":"https:\/\/angelis.agency\/sl\/wp-json\/wp\/v2\/pages"}],"about":[{"href":"https:\/\/angelis.agency\/sl\/wp-json\/wp\/v2\/types\/page"}],"author":[{"embeddable":true,"href":"https:\/\/angelis.agency\/sl\/wp-json\/wp\/v2\/users\/5"}],"replies":[{"embeddable":true,"href":"https:\/\/angelis.agency\/sl\/wp-json\/wp\/v2\/comments?post=18783"}],"version-history":[{"count":26,"href":"https:\/\/angelis.agency\/sl\/wp-json\/wp\/v2\/pages\/18783\/revisions"}],"predecessor-version":[{"id":18809,"href":"https:\/\/angelis.agency\/sl\/wp-json\/wp\/v2\/pages\/18783\/revisions\/18809"}],"up":[{"embeddable":true,"href":"https:\/\/angelis.agency\/sl\/wp-json\/wp\/v2\/pages\/11874"}],"wp:attachment":[{"href":"https:\/\/angelis.agency\/sl\/wp-json\/wp\/v2\/media?parent=18783"}],"curies":[{"name":"wp","href":"https:\/\/api.w.org\/{rel}","templated":true}]}}