{"id":12281,"date":"2021-12-09T07:15:36","date_gmt":"2021-12-09T07:15:36","guid":{"rendered":"https:\/\/agency.angelis.si\/terms-and-conditions\/"},"modified":"2023-07-04T11:15:38","modified_gmt":"2023-07-04T09:15:38","slug":"pravila-in-pogoji","status":"publish","type":"page","link":"https:\/\/angelis.agency\/sl\/pravila-in-pogoji\/","title":{"rendered":"Pravila in pogoji"},"content":{"rendered":"\t\t<div data-elementor-type=\"wp-page\" data-elementor-id=\"12281\" class=\"elementor elementor-12281 elementor-11174\">\n\t\t\t\t\t\t<section class=\"elementor-section elementor-top-section elementor-element elementor-element-78e93cfc elementor-section-boxed elementor-section-height-default elementor-section-height-default\" data-id=\"78e93cfc\" data-element_type=\"section\">\n\t\t\t\t\t\t<div class=\"elementor-container elementor-column-gap-default\">\n\t\t\t\t\t<div class=\"elementor-column elementor-col-100 elementor-top-column elementor-element elementor-element-3c18e12a\" data-id=\"3c18e12a\" data-element_type=\"column\" data-settings=\"{&quot;avante_ext_is_scrollme&quot;:&quot;false&quot;,&quot;avante_ext_is_smoove&quot;:&quot;false&quot;,&quot;avante_ext_is_parallax_mouse&quot;:&quot;false&quot;,&quot;avante_ext_is_infinite&quot;:&quot;false&quot;,&quot;avante_ext_link_sidemenu&quot;:&quot;false&quot;}\">\n\t\t\t<div class=\"elementor-widget-wrap elementor-element-populated\">\n\t\t\t\t\t\t<div class=\"elementor-element elementor-element-18103e90 elementor-widget elementor-widget-text-editor\" data-id=\"18103e90\" data-element_type=\"widget\" data-settings=\"{&quot;avante_ext_is_scrollme&quot;:&quot;false&quot;,&quot;avante_ext_is_smoove&quot;:&quot;false&quot;,&quot;avante_ext_is_parallax_mouse&quot;:&quot;false&quot;,&quot;avante_ext_is_infinite&quot;:&quot;false&quot;,&quot;avante_ext_link_sidemenu&quot;:&quot;false&quot;}\" data-widget_type=\"text-editor.default\">\n\t\t\t\t<div class=\"elementor-widget-container\">\n\t\t\t\t\t\t\t\t\t<p><span data-contrast=\"none\" style=\"font-family: Roboto; font-style: normal; letter-spacing: 0px; font-weight: 700; font-size: 28px;\">Obve\u0161\u010danje in komunikacija s strankami\/naro\u010dniki<\/span><span data-ccp-props=\"{&quot;134245418&quot;:true,&quot;134245529&quot;:true,&quot;201341983&quot;:0,&quot;335559738&quot;:40,&quot;335559739&quot;:0,&quot;335559740&quot;:259}\" style=\"font-family: Roboto; font-style: normal; letter-spacing: 0px; font-weight: 700; font-size: 28px;\">&nbsp;<\/span><\/p>\n<p><span style=\"font-size: 16px; letter-spacing: 0px;\">Podjetje bo s stranko\/naro\u010dnikom navezalo stik preko dolo\u010denega medija komunikacije, v kolikor bo slednja\/slednji v to privolil. Stranka\/naro\u010dnik z izpolnitvijo obrazca privoli na prejemanje oglasnih elektronskih sporo\u010dil, poda se dovoljenje za obdelovanje naslednjih podatkov:<\/span><\/p>\n<ul>\n<li>ime in priimek,<\/li>\n<li>naslov elektronske po\u0161te,<\/li>\n<li>arhiv komunikacije s ponudnikom.<\/li>\n<\/ul>\n<p><strong><br><\/strong><span data-contrast=\"none\" style=\"font-family: Roboto; font-style: normal; letter-spacing: 0px; font-weight: 700; font-size: 28px;\">Oglasna elektronska sporo\u010dila bodo vsebovala naslednje sestavine<\/span><\/p>\n<ul>\n<li>jasno in nedvoumno bodo ozna\u010dena kot oglasna sporo\u010dila,<\/li>\n<li>po\u0161iljatelj bo jasno razviden,<\/li>\n<li>razli\u010dne akcije, promocije in druge tr\u017ene tehnike bodo ozna\u010dene kot tak\u0161ne,<\/li>\n<li>vidno predstavljen bo na\u010din odjave od prejemanja oglasnih sporo\u010dil,<\/li>\n<li>\u017eeljo uporabnika, da ne \u017eeli prejemati oglasnih sporo\u010dil, bo ponudnik izrecno spo\u0161toval.<\/li>\n<\/ul>\n<p>Uporabnik lahko ob prijavi na prejemanje oglasnih elektronskih sporo\u010dil odobri uporabo njegovih osebnih podatkov v naslednje namene:<\/p>\n<p><strong style=\"font-family: inherit; font-style: inherit; letter-spacing: 0px;\">[1] (OPCIJSKO) Privolitev za sledenje aktivnostim in interesom na spletni strani https:\/\/angelis.agency in pripadajo\u010dih pod-domenah:<\/strong><\/p>\n<ul>\n<li>Iznos, hramba in obdelava podatkov v orodju za marketin\u0161ko avtomatizacijo, ki nam pomaga kontinuirano spremljati va\u0161e aktivnosti na vseh pod domenah spletne strani https:\/\/angelis.agency, nam omogo\u010dajo izvajanje naro\u010denih storitev, kontaktiranje, povezano z va\u0161imi aktivnostmi na spletni strani ter agregirane in anonimizirane analize uporabe spletne strani in njenih vsebin.<\/li>\n<li>Vsi osebni podatki se uporabljajo izklju\u010dno za namene izvajanja na\u0161ih storitev, anonimizirane analize ter optimizacijo na\u0161ega poslovanja in niso dostopni javnosti, razen v primeru, ko nam uporabnik to izrecno dovoljuje s posebno privolitvijo za tak\u0161ne namene.<\/li>\n<\/ul>\n<p><strong><br>[2] (OBVEZNO) Privolitev za prejemanje novic o ANGELIS<\/strong><strong>&nbsp;<\/strong><strong>&nbsp;d.o.o. ponudbi in ostalih novostih velja do preklica in obsega:<\/strong><\/p>\n<ul>\n<li>Uporabo podatkov za po\u0161iljanje rednih e-novic o na\u0161i ponudbi ter novostih.<\/li>\n<li>Uporabo podatkov za ob\u010dasno po\u0161iljanje ostalih vsebin, kot so ecommerce vodi\u010di, obvestila o ecommerce dogodkih in podobno.<\/li>\n<li>Iznos, hrambo in obdelavo podatkov v orodju za marketin\u0161ko avtomatizacijo, ki nam omogo\u010da po\u0161iljanje teh novi\u010dk.<\/li>\n<li>Obdelavo podatkov s psevdonimizacijo (tako, da jih ni mogo\u010de pripisati specifi\u010dnemu posamezniku).<\/li>\n<\/ul>\n<p><strong><br>[3] (OPCIJSKO) Privolitev za prejemanje personaliziranih obvestil in ponudb velja do preklica in obsega:<\/strong><\/p>\n<ul>\n<li><span style=\"font-size: 16px; letter-spacing: 0px;\">Uporabo podatkov za neposredno tr\u017eenje.<\/span><\/li>\n<li><span style=\"font-size: 16px; letter-spacing: 0px;\">Ponovno ciljanje na platformah z namenom ponovne predstavitve izdelkov \/ ponudbe.<\/span><\/li>\n<li><span style=\"font-size: 16px; letter-spacing: 0px;\">Iznos in obdelavo podatkov v orodjih za digitalno ogla\u0161evanje (uporaba e-po\u0161te za pripravo anonimiziranih segmentov uporabnikov, v tem primeru e-po\u0161te ni mogo\u010de pripisati specifi\u010dnemu posamezniku).<\/span><\/li>\n<li><span style=\"font-size: 16px; letter-spacing: 0px;\">Obdelavo podatkov s psevdonimizacijo (tako, da jih ni mogo\u010de pripisati specifi\u010dnemu posamezniku).<\/span><\/li>\n<\/ul><div><br><\/div>\t\t\t\t\t\t\t\t<\/div>\n\t\t\t\t<\/div>\n\t\t\t\t\t<\/div>\n\t\t<\/div>\n\t\t\t\t\t<\/div>\n\t\t<\/section>\n\t\t\t\t<\/div>\n\t\t","protected":false},"excerpt":{"rendered":"<p>Obve\u0161\u010danje in komunikacija s strankami\/naro\u010dniki&nbsp; Podjetje bo s stranko\/naro\u010dnikom navezalo stik preko dolo\u010denega medija komunikacije, v kolikor bo slednja\/slednji v to privolil. Stranka\/naro\u010dnik z izpolnitvijo obrazca privoli na prejemanje oglasnih elektronskih sporo\u010dil, poda se dovoljenje za obdelovanje naslednjih podatkov: ime [&hellip;]<\/p>\n","protected":false},"author":4,"featured_media":0,"parent":0,"menu_order":0,"comment_status":"closed","ping_status":"open","template":"","meta":{"inline_featured_image":false,"footnotes":""},"class_list":["post-12281","page","type-page","status-publish","hentry"],"yoast_head":"<!-- This site is optimized with the Yoast SEO Premium plugin v22.6 (Yoast SEO v25.2) - https:\/\/yoast.com\/wordpress\/plugins\/seo\/ -->\n<title>Pravila in pogoji - ANGELIS AGENCY<\/title>\n<meta name=\"robots\" content=\"index, follow, max-snippet:-1, max-image-preview:large, max-video-preview:-1\" \/>\n<link rel=\"canonical\" href=\"https:\/\/angelis.agency\/sl\/pravila-in-pogoji\/\" \/>\n<meta property=\"og:locale\" content=\"sl_SI\" \/>\n<meta property=\"og:type\" content=\"article\" \/>\n<meta property=\"og:title\" content=\"Pravila in pogoji\" \/>\n<meta property=\"og:description\" content=\"Obve\u0161\u010danje in komunikacija s strankami\/naro\u010dniki&nbsp; Podjetje bo s stranko\/naro\u010dnikom navezalo stik preko dolo\u010denega medija komunikacije, v kolikor bo slednja\/slednji v to privolil. Stranka\/naro\u010dnik z izpolnitvijo obrazca privoli na prejemanje oglasnih elektronskih sporo\u010dil, poda se dovoljenje za obdelovanje naslednjih podatkov: ime [&hellip;]\" \/>\n<meta property=\"og:url\" content=\"https:\/\/angelis.agency\/sl\/pravila-in-pogoji\/\" \/>\n<meta property=\"og:site_name\" content=\"ANGELIS AGENCY\" \/>\n<meta property=\"article:modified_time\" content=\"2023-07-04T09:15:38+00:00\" \/>\n<meta name=\"twitter:card\" content=\"summary_large_image\" \/>\n<meta name=\"twitter:label1\" content=\"Est. reading time\" \/>\n\t<meta name=\"twitter:data1\" content=\"2 minuti\" \/>\n<script type=\"application\/ld+json\" class=\"yoast-schema-graph\">{\"@context\":\"https:\/\/schema.org\",\"@graph\":[{\"@type\":\"WebPage\",\"@id\":\"https:\/\/angelis.agency\/sl\/pravila-in-pogoji\/\",\"url\":\"https:\/\/angelis.agency\/sl\/pravila-in-pogoji\/\",\"name\":\"Pravila in pogoji - ANGELIS AGENCY\",\"isPartOf\":{\"@id\":\"https:\/\/angelis.agency\/sl\/#website\"},\"datePublished\":\"2021-12-09T07:15:36+00:00\",\"dateModified\":\"2023-07-04T09:15:38+00:00\",\"breadcrumb\":{\"@id\":\"https:\/\/angelis.agency\/sl\/pravila-in-pogoji\/#breadcrumb\"},\"inLanguage\":\"sl-SI\",\"potentialAction\":[{\"@type\":\"ReadAction\",\"target\":[\"https:\/\/angelis.agency\/sl\/pravila-in-pogoji\/\"]}]},{\"@type\":\"BreadcrumbList\",\"@id\":\"https:\/\/angelis.agency\/sl\/pravila-in-pogoji\/#breadcrumb\",\"itemListElement\":[{\"@type\":\"ListItem\",\"position\":1,\"name\":\"Home\",\"item\":\"https:\/\/angelis.agency\/sl\/\"},{\"@type\":\"ListItem\",\"position\":2,\"name\":\"Pravila in pogoji\"}]},{\"@type\":\"WebSite\",\"@id\":\"https:\/\/angelis.agency\/sl\/#website\",\"url\":\"https:\/\/angelis.agency\/sl\/\",\"name\":\"ANGELIS AGENCY\",\"description\":\"\",\"potentialAction\":[{\"@type\":\"SearchAction\",\"target\":{\"@type\":\"EntryPoint\",\"urlTemplate\":\"https:\/\/angelis.agency\/sl\/?s={search_term_string}\"},\"query-input\":{\"@type\":\"PropertyValueSpecification\",\"valueRequired\":true,\"valueName\":\"search_term_string\"}}],\"inLanguage\":\"sl-SI\"}]}<\/script>\n<!-- \/ Yoast SEO Premium plugin. -->","yoast_head_json":{"title":"Pravila in pogoji - ANGELIS AGENCY","robots":{"index":"index","follow":"follow","max-snippet":"max-snippet:-1","max-image-preview":"max-image-preview:large","max-video-preview":"max-video-preview:-1"},"canonical":"https:\/\/angelis.agency\/sl\/pravila-in-pogoji\/","og_locale":"sl_SI","og_type":"article","og_title":"Pravila in pogoji","og_description":"Obve\u0161\u010danje in komunikacija s strankami\/naro\u010dniki&nbsp; Podjetje bo s stranko\/naro\u010dnikom navezalo stik preko dolo\u010denega medija komunikacije, v kolikor bo slednja\/slednji v to privolil. Stranka\/naro\u010dnik z izpolnitvijo obrazca privoli na prejemanje oglasnih elektronskih sporo\u010dil, poda se dovoljenje za obdelovanje naslednjih podatkov: ime [&hellip;]","og_url":"https:\/\/angelis.agency\/sl\/pravila-in-pogoji\/","og_site_name":"ANGELIS AGENCY","article_modified_time":"2023-07-04T09:15:38+00:00","twitter_card":"summary_large_image","twitter_misc":{"Est. reading time":"2 minuti"},"schema":{"@context":"https:\/\/schema.org","@graph":[{"@type":"WebPage","@id":"https:\/\/angelis.agency\/sl\/pravila-in-pogoji\/","url":"https:\/\/angelis.agency\/sl\/pravila-in-pogoji\/","name":"Pravila in pogoji - ANGELIS AGENCY","isPartOf":{"@id":"https:\/\/angelis.agency\/sl\/#website"},"datePublished":"2021-12-09T07:15:36+00:00","dateModified":"2023-07-04T09:15:38+00:00","breadcrumb":{"@id":"https:\/\/angelis.agency\/sl\/pravila-in-pogoji\/#breadcrumb"},"inLanguage":"sl-SI","potentialAction":[{"@type":"ReadAction","target":["https:\/\/angelis.agency\/sl\/pravila-in-pogoji\/"]}]},{"@type":"BreadcrumbList","@id":"https:\/\/angelis.agency\/sl\/pravila-in-pogoji\/#breadcrumb","itemListElement":[{"@type":"ListItem","position":1,"name":"Home","item":"https:\/\/angelis.agency\/sl\/"},{"@type":"ListItem","position":2,"name":"Pravila in pogoji"}]},{"@type":"WebSite","@id":"https:\/\/angelis.agency\/sl\/#website","url":"https:\/\/angelis.agency\/sl\/","name":"ANGELIS AGENCY","description":"","potentialAction":[{"@type":"SearchAction","target":{"@type":"EntryPoint","urlTemplate":"https:\/\/angelis.agency\/sl\/?s={search_term_string}"},"query-input":{"@type":"PropertyValueSpecification","valueRequired":true,"valueName":"search_term_string"}}],"inLanguage":"sl-SI"}]}},"_links":{"self":[{"href":"https:\/\/angelis.agency\/sl\/wp-json\/wp\/v2\/pages\/12281","targetHints":{"allow":["GET"]}}],"collection":[{"href":"https:\/\/angelis.agency\/sl\/wp-json\/wp\/v2\/pages"}],"about":[{"href":"https:\/\/angelis.agency\/sl\/wp-json\/wp\/v2\/types\/page"}],"author":[{"embeddable":true,"href":"https:\/\/angelis.agency\/sl\/wp-json\/wp\/v2\/users\/4"}],"replies":[{"embeddable":true,"href":"https:\/\/angelis.agency\/sl\/wp-json\/wp\/v2\/comments?post=12281"}],"version-history":[{"count":0,"href":"https:\/\/angelis.agency\/sl\/wp-json\/wp\/v2\/pages\/12281\/revisions"}],"wp:attachment":[{"href":"https:\/\/angelis.agency\/sl\/wp-json\/wp\/v2\/media?parent=12281"}],"curies":[{"name":"wp","href":"https:\/\/api.w.org\/{rel}","templated":true}]}}