{"id":12244,"date":"2021-11-02T13:55:32","date_gmt":"2021-11-02T13:55:32","guid":{"rendered":"https:\/\/agency.angelis.si\/nase-storitve\/professional-services\/"},"modified":"2023-07-18T10:31:05","modified_gmt":"2023-07-18T08:31:05","slug":"strokovne-storitve","status":"publish","type":"page","link":"https:\/\/angelis.agency\/sl\/nase-storitve\/strokovne-storitve\/","title":{"rendered":"Strokovne storitve"},"content":{"rendered":"\t\t<div data-elementor-type=\"wp-page\" data-elementor-id=\"12244\" class=\"elementor elementor-12244 elementor-8420\">\n\t\t\t\t\t\t<section class=\"elementor-section elementor-top-section elementor-element elementor-element-be7df39 elementor-section-stretched elementor-section-boxed elementor-section-height-default elementor-section-height-default\" data-id=\"be7df39\" data-element_type=\"section\" data-settings=\"{&quot;stretch_section&quot;:&quot;section-stretched&quot;,&quot;background_background&quot;:&quot;classic&quot;}\">\n\t\t\t\t\t\t<div class=\"elementor-container elementor-column-gap-default\">\n\t\t\t\t\t<div class=\"elementor-column elementor-col-50 elementor-top-column elementor-element elementor-element-f7b9707\" data-id=\"f7b9707\" data-element_type=\"column\" data-settings=\"{&quot;avante_ext_is_scrollme&quot;:&quot;false&quot;,&quot;avante_ext_is_smoove&quot;:&quot;false&quot;,&quot;avante_ext_is_parallax_mouse&quot;:&quot;false&quot;,&quot;avante_ext_is_infinite&quot;:&quot;false&quot;,&quot;avante_ext_link_sidemenu&quot;:&quot;false&quot;}\">\n\t\t\t<div class=\"elementor-widget-wrap elementor-element-populated\">\n\t\t\t\t\t\t<div class=\"elementor-element elementor-element-e341175 elementor-widget-mobile__width-inherit elementor-widget__width-auto elementor-widget elementor-widget-heading\" data-id=\"e341175\" data-element_type=\"widget\" data-settings=\"{&quot;avante_ext_is_scrollme&quot;:&quot;false&quot;,&quot;avante_ext_is_parallax_mouse&quot;:&quot;false&quot;,&quot;avante_ext_is_infinite&quot;:&quot;false&quot;,&quot;avante_ext_link_sidemenu&quot;:&quot;false&quot;}\" data-widget_type=\"heading.default\">\n\t\t\t\t<div class=\"elementor-widget-container\">\n\t\t\t\t\t<h1 class=\"elementor-heading-title elementor-size-default\">Strokovne storitve<\/h1>\t\t\t\t<\/div>\n\t\t\t\t<\/div>\n\t\t\t\t<div class=\"elementor-element elementor-element-e222afa elementor-widget__width-auto elementor-widget-mobile__width-inherit elementor-widget elementor-widget-heading\" data-id=\"e222afa\" data-element_type=\"widget\" data-settings=\"{&quot;avante_ext_is_scrollme&quot;:&quot;false&quot;,&quot;avante_ext_is_parallax_mouse&quot;:&quot;false&quot;,&quot;avante_ext_is_infinite&quot;:&quot;false&quot;,&quot;avante_ext_link_sidemenu&quot;:&quot;false&quot;}\" data-widget_type=\"heading.default\">\n\t\t\t\t<div class=\"elementor-widget-container\">\n\t\t\t\t\t<div class=\"elementor-heading-title elementor-size-default\">Nekateri na\u0161i nedavni projekti v sektorju strokovnih storitev, na katere smo ponosni.\u200b<\/div>\t\t\t\t<\/div>\n\t\t\t\t<\/div>\n\t\t\t\t\t<\/div>\n\t\t<\/div>\n\t\t\t\t<div class=\"elementor-column elementor-col-50 elementor-top-column elementor-element elementor-element-9c8f675\" data-id=\"9c8f675\" data-element_type=\"column\" data-settings=\"{&quot;avante_ext_is_scrollme&quot;:&quot;false&quot;,&quot;avante_ext_is_smoove&quot;:&quot;false&quot;,&quot;avante_ext_is_parallax_mouse&quot;:&quot;false&quot;,&quot;avante_ext_is_infinite&quot;:&quot;false&quot;,&quot;avante_ext_link_sidemenu&quot;:&quot;false&quot;}\">\n\t\t\t<div class=\"elementor-widget-wrap elementor-element-populated\">\n\t\t\t\t\t\t<div class=\"elementor-element elementor-element-f3bf926 elementor-widget elementor-widget-image\" data-id=\"f3bf926\" data-element_type=\"widget\" data-settings=\"{&quot;avante_ext_is_scrollme&quot;:&quot;false&quot;,&quot;avante_ext_is_smoove&quot;:&quot;false&quot;,&quot;avante_ext_is_parallax_mouse&quot;:&quot;false&quot;,&quot;avante_ext_is_infinite&quot;:&quot;false&quot;,&quot;avante_ext_link_sidemenu&quot;:&quot;false&quot;}\" data-widget_type=\"image.default\">\n\t\t\t\t<div class=\"elementor-widget-container\">\n\t\t\t\t\t\t\t\t\t\t\t\t\t\t\t<img fetchpriority=\"high\" decoding=\"async\" width=\"871\" height=\"539\" src=\"https:\/\/static.angelis.si\/uploads\/2021\/12\/digital-maintenance-management.svg\" class=\"attachment-large size-large wp-image-11789\" alt=\"\" \/>\t\t\t\t\t\t\t\t\t\t\t\t\t\t\t<\/div>\n\t\t\t\t<\/div>\n\t\t\t\t\t<\/div>\n\t\t<\/div>\n\t\t\t\t\t<\/div>\n\t\t<\/section>\n\t\t\t\t<section class=\"elementor-section elementor-top-section elementor-element elementor-element-7fd3820 elementor-section-boxed elementor-section-height-default elementor-section-height-default\" data-id=\"7fd3820\" data-element_type=\"section\">\n\t\t\t\t\t\t<div class=\"elementor-container elementor-column-gap-default\">\n\t\t\t\t\t<div class=\"elementor-column elementor-col-100 elementor-top-column elementor-element elementor-element-739cb5f\" data-id=\"739cb5f\" data-element_type=\"column\" data-settings=\"{&quot;avante_ext_is_scrollme&quot;:&quot;false&quot;,&quot;avante_ext_is_smoove&quot;:&quot;false&quot;,&quot;avante_ext_is_parallax_mouse&quot;:&quot;false&quot;,&quot;avante_ext_is_infinite&quot;:&quot;false&quot;,&quot;avante_ext_link_sidemenu&quot;:&quot;false&quot;}\">\n\t\t\t<div class=\"elementor-widget-wrap elementor-element-populated\">\n\t\t\t\t\t\t<div class=\"elementor-element elementor-element-932d973 elementor-widget elementor-widget-avante-blog-posts\" data-id=\"932d973\" data-element_type=\"widget\" data-settings=\"{&quot;avante_ext_is_scrollme&quot;:&quot;false&quot;,&quot;avante_ext_is_smoove&quot;:&quot;false&quot;,&quot;avante_ext_is_parallax_mouse&quot;:&quot;false&quot;,&quot;avante_ext_is_infinite&quot;:&quot;false&quot;,&quot;avante_ext_link_sidemenu&quot;:&quot;false&quot;}\" data-widget_type=\"avante-blog-posts.default\">\n\t\t\t\t<div class=\"elementor-widget-container\">\n\t\t\t\t\t<div class=\"blog-post-content-wrapper layout-grid\">\n<!-- Begin each blog post -->\n<div class=\"blog-posts-grid post-12424 post type-post status-publish format-standard hentry category-storitve tag-kibernetska-varnost\">\n\t\n\t\t<div class=\"post-wrapper smoove disable_tablet\" data-move-y=\"450px\" data-rotate-x=\"24deg\" data-delay=\"100\" data-minwidth=\"769\" data-offset=\"-30%\">\n\t\t\n\t\t\t    \n\t    <div class=\"post-content-wrapper text-\">\n\t\t    \n\t\t    <div class=\"post-header\">\n\t\t\t    \t\t\t\t<div class=\"post-header-title\">\n\t\t\t\t    <h5><a href=\"https:\/\/angelis.agency\/sl\/astech-kibernetska-varnost\/\" title=\"Kibernetska varnost @ Astech d.o.o.\">Kibernetska varnost @ Astech d.o.o.<\/a><\/h5>\n\t\t\t\t<\/div>\n\t\t\t<\/div>\n\t    \n\t\t\t<div class=\"post-header-wrapper\">\n\t\t\t\t<p>Kibernetska varnost Podjetje ASTECH je vodilno slovensko podjetje na podro\u010dju servisiranja in vzdr\u017eevanja klimatskih in prezra\u010devalnih sistemov. Hiter odziv zagotavljajo s stalno pripravljenostjo za re\u0161evanje morebitnih te\u017eav svojih strank. Pogodbene stranke: uporabniki, lastniki ali upravljavci objektov, lahko z njimi kontaktirajo...<\/p>\t\t\t    <div class=\"post-button-wrapper\">\n\t\t\t\t    <a class=\"continue-reading\" href=\"https:\/\/angelis.agency\/sl\/astech-kibernetska-varnost\/\" title=\"Kibernetska varnost @ Astech d.o.o.\">Nadaljuj z branjem<span><\/span><\/a>\n\t\t\t\t    \n\t\t\t\t    \t\t\t    <\/div>\n\t\t\t    <br class=\"clear\"\/>\n\t\t\t<\/div>\n\t    <\/div>\n\t    \n\t<\/div>\n\n<\/div>\n<!-- End each blog post --><\/div>\n<br class=\"clear\"\/>\t\t\t\t<\/div>\n\t\t\t\t<\/div>\n\t\t\t\t\t<\/div>\n\t\t<\/div>\n\t\t\t\t\t<\/div>\n\t\t<\/section>\n\t\t\t\t<\/div>\n\t\t","protected":false},"excerpt":{"rendered":"<p>Strokovne storitve Nekateri na\u0161i nedavni projekti v sektorju strokovnih storitev, na katere smo ponosni.\u200b Kibernetska varnost @ Astech d.o.o. Kibernetska varnost Podjetje ASTECH je vodilno slovensko podjetje na podro\u010dju servisiranja in vzdr\u017eevanja klimatskih in prezra\u010devalnih sistemov Hiter odziv zagotavljajo s [&hellip;]<\/p>\n","protected":false},"author":4,"featured_media":0,"parent":11874,"menu_order":0,"comment_status":"closed","ping_status":"closed","template":"","meta":{"inline_featured_image":false,"footnotes":""},"class_list":["post-12244","page","type-page","status-publish","hentry"],"yoast_head":"<!-- This site is optimized with the Yoast SEO Premium plugin v22.6 (Yoast SEO v25.2) - https:\/\/yoast.com\/wordpress\/plugins\/seo\/ -->\n<title>Strokovne storitve - ANGELIS AGENCY<\/title>\n<meta name=\"robots\" content=\"index, follow, max-snippet:-1, max-image-preview:large, max-video-preview:-1\" \/>\n<link rel=\"canonical\" href=\"https:\/\/angelis.agency\/en\/our-services\/professional-services\/\" \/>\n<meta property=\"og:locale\" content=\"sl_SI\" \/>\n<meta property=\"og:type\" content=\"article\" \/>\n<meta property=\"og:title\" content=\"Strokovne storitve\" \/>\n<meta property=\"og:description\" content=\"Strokovne storitve Nekateri na\u0161i nedavni projekti v sektorju strokovnih storitev, na katere smo ponosni.\u200b Kibernetska varnost @ Astech d.o.o. Kibernetska varnost Podjetje ASTECH je vodilno slovensko podjetje na podro\u010dju servisiranja in vzdr\u017eevanja klimatskih in prezra\u010devalnih sistemov Hiter odziv zagotavljajo s [&hellip;]\" \/>\n<meta property=\"og:url\" content=\"https:\/\/angelis.agency\/en\/our-services\/professional-services\/\" \/>\n<meta property=\"og:site_name\" content=\"ANGELIS AGENCY\" \/>\n<meta property=\"article:modified_time\" content=\"2023-07-18T08:31:05+00:00\" \/>\n<meta property=\"og:image\" content=\"https:\/\/static.angelis.si\/uploads\/2021\/12\/digital-maintenance-management.svg\" \/>\n<meta name=\"twitter:card\" content=\"summary_large_image\" \/>\n<meta name=\"twitter:label1\" content=\"Est. reading time\" \/>\n\t<meta name=\"twitter:data1\" content=\"1 minuta\" \/>\n<script type=\"application\/ld+json\" class=\"yoast-schema-graph\">{\"@context\":\"https:\/\/schema.org\",\"@graph\":[{\"@type\":\"WebPage\",\"@id\":\"https:\/\/angelis.agency\/en\/our-services\/professional-services\/\",\"url\":\"https:\/\/angelis.agency\/en\/our-services\/professional-services\/\",\"name\":\"Strokovne storitve - ANGELIS AGENCY\",\"isPartOf\":{\"@id\":\"https:\/\/angelis.agency\/sl\/#website\"},\"primaryImageOfPage\":{\"@id\":\"https:\/\/angelis.agency\/en\/our-services\/professional-services\/#primaryimage\"},\"image\":{\"@id\":\"https:\/\/angelis.agency\/en\/our-services\/professional-services\/#primaryimage\"},\"thumbnailUrl\":\"https:\/\/static.angelis.si\/uploads\/2021\/12\/digital-maintenance-management.svg\",\"datePublished\":\"2021-11-02T13:55:32+00:00\",\"dateModified\":\"2023-07-18T08:31:05+00:00\",\"breadcrumb\":{\"@id\":\"https:\/\/angelis.agency\/en\/our-services\/professional-services\/#breadcrumb\"},\"inLanguage\":\"sl-SI\",\"potentialAction\":[{\"@type\":\"ReadAction\",\"target\":[\"https:\/\/angelis.agency\/en\/our-services\/professional-services\/\"]}]},{\"@type\":\"ImageObject\",\"inLanguage\":\"sl-SI\",\"@id\":\"https:\/\/angelis.agency\/en\/our-services\/professional-services\/#primaryimage\",\"url\":\"https:\/\/static.angelis.si\/uploads\/2021\/12\/digital-maintenance-management.svg\",\"contentUrl\":\"https:\/\/static.angelis.si\/uploads\/2021\/12\/digital-maintenance-management.svg\"},{\"@type\":\"BreadcrumbList\",\"@id\":\"https:\/\/angelis.agency\/en\/our-services\/professional-services\/#breadcrumb\",\"itemListElement\":[{\"@type\":\"ListItem\",\"position\":1,\"name\":\"Home\",\"item\":\"https:\/\/angelis.agency\/sl\/\"},{\"@type\":\"ListItem\",\"position\":2,\"name\":\"Na\u0161e storitve\",\"item\":\"https:\/\/angelis.agency\/en\/our-services\/\"},{\"@type\":\"ListItem\",\"position\":3,\"name\":\"Strokovne storitve\"}]},{\"@type\":\"WebSite\",\"@id\":\"https:\/\/angelis.agency\/sl\/#website\",\"url\":\"https:\/\/angelis.agency\/sl\/\",\"name\":\"ANGELIS AGENCY\",\"description\":\"\",\"potentialAction\":[{\"@type\":\"SearchAction\",\"target\":{\"@type\":\"EntryPoint\",\"urlTemplate\":\"https:\/\/angelis.agency\/sl\/?s={search_term_string}\"},\"query-input\":{\"@type\":\"PropertyValueSpecification\",\"valueRequired\":true,\"valueName\":\"search_term_string\"}}],\"inLanguage\":\"sl-SI\"}]}<\/script>\n<!-- \/ Yoast SEO Premium plugin. -->","yoast_head_json":{"title":"Strokovne storitve - ANGELIS AGENCY","robots":{"index":"index","follow":"follow","max-snippet":"max-snippet:-1","max-image-preview":"max-image-preview:large","max-video-preview":"max-video-preview:-1"},"canonical":"https:\/\/angelis.agency\/en\/our-services\/professional-services\/","og_locale":"sl_SI","og_type":"article","og_title":"Strokovne storitve","og_description":"Strokovne storitve Nekateri na\u0161i nedavni projekti v sektorju strokovnih storitev, na katere smo ponosni.\u200b Kibernetska varnost @ Astech d.o.o. Kibernetska varnost Podjetje ASTECH je vodilno slovensko podjetje na podro\u010dju servisiranja in vzdr\u017eevanja klimatskih in prezra\u010devalnih sistemov Hiter odziv zagotavljajo s [&hellip;]","og_url":"https:\/\/angelis.agency\/en\/our-services\/professional-services\/","og_site_name":"ANGELIS AGENCY","article_modified_time":"2023-07-18T08:31:05+00:00","og_image":[{"url":"https:\/\/static.angelis.si\/uploads\/2021\/12\/digital-maintenance-management.svg","type":"","width":"","height":""}],"twitter_card":"summary_large_image","twitter_misc":{"Est. reading time":"1 minuta"},"schema":{"@context":"https:\/\/schema.org","@graph":[{"@type":"WebPage","@id":"https:\/\/angelis.agency\/en\/our-services\/professional-services\/","url":"https:\/\/angelis.agency\/en\/our-services\/professional-services\/","name":"Strokovne storitve - ANGELIS AGENCY","isPartOf":{"@id":"https:\/\/angelis.agency\/sl\/#website"},"primaryImageOfPage":{"@id":"https:\/\/angelis.agency\/en\/our-services\/professional-services\/#primaryimage"},"image":{"@id":"https:\/\/angelis.agency\/en\/our-services\/professional-services\/#primaryimage"},"thumbnailUrl":"https:\/\/static.angelis.si\/uploads\/2021\/12\/digital-maintenance-management.svg","datePublished":"2021-11-02T13:55:32+00:00","dateModified":"2023-07-18T08:31:05+00:00","breadcrumb":{"@id":"https:\/\/angelis.agency\/en\/our-services\/professional-services\/#breadcrumb"},"inLanguage":"sl-SI","potentialAction":[{"@type":"ReadAction","target":["https:\/\/angelis.agency\/en\/our-services\/professional-services\/"]}]},{"@type":"ImageObject","inLanguage":"sl-SI","@id":"https:\/\/angelis.agency\/en\/our-services\/professional-services\/#primaryimage","url":"https:\/\/static.angelis.si\/uploads\/2021\/12\/digital-maintenance-management.svg","contentUrl":"https:\/\/static.angelis.si\/uploads\/2021\/12\/digital-maintenance-management.svg"},{"@type":"BreadcrumbList","@id":"https:\/\/angelis.agency\/en\/our-services\/professional-services\/#breadcrumb","itemListElement":[{"@type":"ListItem","position":1,"name":"Home","item":"https:\/\/angelis.agency\/sl\/"},{"@type":"ListItem","position":2,"name":"Na\u0161e storitve","item":"https:\/\/angelis.agency\/en\/our-services\/"},{"@type":"ListItem","position":3,"name":"Strokovne storitve"}]},{"@type":"WebSite","@id":"https:\/\/angelis.agency\/sl\/#website","url":"https:\/\/angelis.agency\/sl\/","name":"ANGELIS AGENCY","description":"","potentialAction":[{"@type":"SearchAction","target":{"@type":"EntryPoint","urlTemplate":"https:\/\/angelis.agency\/sl\/?s={search_term_string}"},"query-input":{"@type":"PropertyValueSpecification","valueRequired":true,"valueName":"search_term_string"}}],"inLanguage":"sl-SI"}]}},"_links":{"self":[{"href":"https:\/\/angelis.agency\/sl\/wp-json\/wp\/v2\/pages\/12244","targetHints":{"allow":["GET"]}}],"collection":[{"href":"https:\/\/angelis.agency\/sl\/wp-json\/wp\/v2\/pages"}],"about":[{"href":"https:\/\/angelis.agency\/sl\/wp-json\/wp\/v2\/types\/page"}],"author":[{"embeddable":true,"href":"https:\/\/angelis.agency\/sl\/wp-json\/wp\/v2\/users\/4"}],"replies":[{"embeddable":true,"href":"https:\/\/angelis.agency\/sl\/wp-json\/wp\/v2\/comments?post=12244"}],"version-history":[{"count":9,"href":"https:\/\/angelis.agency\/sl\/wp-json\/wp\/v2\/pages\/12244\/revisions"}],"predecessor-version":[{"id":16783,"href":"https:\/\/angelis.agency\/sl\/wp-json\/wp\/v2\/pages\/12244\/revisions\/16783"}],"up":[{"embeddable":true,"href":"https:\/\/angelis.agency\/sl\/wp-json\/wp\/v2\/pages\/11874"}],"wp:attachment":[{"href":"https:\/\/angelis.agency\/sl\/wp-json\/wp\/v2\/media?parent=12244"}],"curies":[{"name":"wp","href":"https:\/\/api.w.org\/{rel}","templated":true}]}}