{"id":12234,"date":"2021-11-02T13:50:34","date_gmt":"2021-11-02T13:50:34","guid":{"rendered":"https:\/\/agency.angelis.si\/nase-storitve\/manufacturing\/"},"modified":"2023-07-18T10:30:02","modified_gmt":"2023-07-18T08:30:02","slug":"proizvodnja","status":"publish","type":"page","link":"https:\/\/angelis.agency\/sl\/nase-storitve\/proizvodnja\/","title":{"rendered":"Proizvodnja"},"content":{"rendered":"\t\t<div data-elementor-type=\"wp-page\" data-elementor-id=\"12234\" class=\"elementor elementor-12234 elementor-8406\">\n\t\t\t\t\t\t<section class=\"elementor-section elementor-top-section elementor-element elementor-element-78d271b elementor-section-stretched elementor-section-boxed elementor-section-height-default elementor-section-height-default\" data-id=\"78d271b\" data-element_type=\"section\" data-settings=\"{&quot;stretch_section&quot;:&quot;section-stretched&quot;,&quot;background_background&quot;:&quot;classic&quot;}\">\n\t\t\t\t\t\t<div class=\"elementor-container elementor-column-gap-default\">\n\t\t\t\t\t<div class=\"elementor-column elementor-col-50 elementor-top-column elementor-element elementor-element-b4096a5\" data-id=\"b4096a5\" data-element_type=\"column\" data-settings=\"{&quot;avante_ext_is_scrollme&quot;:&quot;false&quot;,&quot;avante_ext_is_smoove&quot;:&quot;false&quot;,&quot;avante_ext_is_parallax_mouse&quot;:&quot;false&quot;,&quot;avante_ext_is_infinite&quot;:&quot;false&quot;,&quot;avante_ext_link_sidemenu&quot;:&quot;false&quot;}\">\n\t\t\t<div class=\"elementor-widget-wrap elementor-element-populated\">\n\t\t\t\t\t\t<div class=\"elementor-element elementor-element-791f036 elementor-widget-mobile__width-inherit elementor-widget elementor-widget-heading\" data-id=\"791f036\" data-element_type=\"widget\" data-settings=\"{&quot;avante_ext_is_scrollme&quot;:&quot;false&quot;,&quot;avante_ext_is_parallax_mouse&quot;:&quot;false&quot;,&quot;avante_ext_is_infinite&quot;:&quot;false&quot;,&quot;avante_ext_link_sidemenu&quot;:&quot;false&quot;}\" data-widget_type=\"heading.default\">\n\t\t\t\t<div class=\"elementor-widget-container\">\n\t\t\t\t\t<h1 class=\"elementor-heading-title elementor-size-default\">Proizvodnja<\/h1>\t\t\t\t<\/div>\n\t\t\t\t<\/div>\n\t\t\t\t<div class=\"elementor-element elementor-element-55e5edc elementor-widget__width-auto elementor-widget-mobile__width-inherit elementor-widget elementor-widget-heading\" data-id=\"55e5edc\" data-element_type=\"widget\" data-settings=\"{&quot;avante_ext_is_scrollme&quot;:&quot;false&quot;,&quot;avante_ext_is_parallax_mouse&quot;:&quot;false&quot;,&quot;avante_ext_is_infinite&quot;:&quot;false&quot;,&quot;avante_ext_link_sidemenu&quot;:&quot;false&quot;}\" data-widget_type=\"heading.default\">\n\t\t\t\t<div class=\"elementor-widget-container\">\n\t\t\t\t\t<div class=\"elementor-heading-title elementor-size-default\">Nekateri na\u0161i nedavni projekti v industrijskem sektorju, na katere smo ponosni.\u200b<\/div>\t\t\t\t<\/div>\n\t\t\t\t<\/div>\n\t\t\t\t\t<\/div>\n\t\t<\/div>\n\t\t\t\t<div class=\"elementor-column elementor-col-50 elementor-top-column elementor-element elementor-element-1fbfc49\" data-id=\"1fbfc49\" data-element_type=\"column\" data-settings=\"{&quot;avante_ext_is_scrollme&quot;:&quot;false&quot;,&quot;avante_ext_is_smoove&quot;:&quot;false&quot;,&quot;avante_ext_is_parallax_mouse&quot;:&quot;false&quot;,&quot;avante_ext_is_infinite&quot;:&quot;false&quot;,&quot;avante_ext_link_sidemenu&quot;:&quot;false&quot;}\">\n\t\t\t<div class=\"elementor-widget-wrap elementor-element-populated\">\n\t\t\t\t\t\t<div class=\"elementor-element elementor-element-7456732 elementor-widget elementor-widget-image\" data-id=\"7456732\" data-element_type=\"widget\" data-settings=\"{&quot;avante_ext_is_scrollme&quot;:&quot;false&quot;,&quot;avante_ext_is_smoove&quot;:&quot;false&quot;,&quot;avante_ext_is_parallax_mouse&quot;:&quot;false&quot;,&quot;avante_ext_is_infinite&quot;:&quot;false&quot;,&quot;avante_ext_link_sidemenu&quot;:&quot;false&quot;}\" data-widget_type=\"image.default\">\n\t\t\t\t<div class=\"elementor-widget-container\">\n\t\t\t\t\t\t\t\t\t\t\t\t\t\t\t<img fetchpriority=\"high\" decoding=\"async\" width=\"859\" height=\"652\" src=\"https:\/\/static.angelis.si\/uploads\/2021\/12\/smart-production-control.svg\" class=\"attachment-large size-large wp-image-11790\" alt=\"\" \/>\t\t\t\t\t\t\t\t\t\t\t\t\t\t\t<\/div>\n\t\t\t\t<\/div>\n\t\t\t\t\t<\/div>\n\t\t<\/div>\n\t\t\t\t\t<\/div>\n\t\t<\/section>\n\t\t\t\t<section class=\"elementor-section elementor-top-section elementor-element elementor-element-f062e70 elementor-section-stretched elementor-section-boxed elementor-section-height-default elementor-section-height-default\" data-id=\"f062e70\" data-element_type=\"section\" data-settings=\"{&quot;stretch_section&quot;:&quot;section-stretched&quot;}\">\n\t\t\t\t\t\t<div class=\"elementor-container elementor-column-gap-default\">\n\t\t\t\t\t<div class=\"elementor-column elementor-col-100 elementor-top-column elementor-element elementor-element-67bd08d\" data-id=\"67bd08d\" data-element_type=\"column\" data-settings=\"{&quot;avante_ext_is_scrollme&quot;:&quot;false&quot;,&quot;avante_ext_is_smoove&quot;:&quot;false&quot;,&quot;avante_ext_is_parallax_mouse&quot;:&quot;false&quot;,&quot;avante_ext_is_infinite&quot;:&quot;false&quot;,&quot;avante_ext_link_sidemenu&quot;:&quot;false&quot;}\">\n\t\t\t<div class=\"elementor-widget-wrap elementor-element-populated\">\n\t\t\t\t\t\t<div class=\"elementor-element elementor-element-10c0d87 elementor-widget elementor-widget-avante-blog-posts\" data-id=\"10c0d87\" data-element_type=\"widget\" data-settings=\"{&quot;avante_ext_is_scrollme&quot;:&quot;false&quot;,&quot;avante_ext_is_smoove&quot;:&quot;false&quot;,&quot;avante_ext_is_parallax_mouse&quot;:&quot;false&quot;,&quot;avante_ext_is_infinite&quot;:&quot;false&quot;,&quot;avante_ext_link_sidemenu&quot;:&quot;false&quot;}\" data-widget_type=\"avante-blog-posts.default\">\n\t\t\t\t<div class=\"elementor-widget-container\">\n\t\t\t\t\t<div class=\"blog-post-content-wrapper layout-grid\">\n<!-- Begin each blog post -->\n<div class=\"blog-posts-grid post-12396 post type-post status-publish format-standard hentry category-proizvodnja tag-digitalna-transformacija\">\n\t\n\t\t<div class=\"post-wrapper smoove disable_tablet\" data-move-y=\"450px\" data-rotate-x=\"24deg\" data-delay=\"100\" data-minwidth=\"769\" data-offset=\"-30%\">\n\t\t\n\t\t\t    \n\t    <div class=\"post-content-wrapper text-left\">\n\t\t    \n\t\t    <div class=\"post-header\">\n\t\t\t    \t\t\t\t<div class=\"post-header-title\">\n\t\t\t\t    <h5><a href=\"https:\/\/angelis.agency\/sl\/lesko-digitalna-transformacija\/\" title=\"Digitalna transformacija @ Lesko d.o.o.\">Digitalna transformacija @ Lesko d.o.o.<\/a><\/h5>\n\t\t\t\t<\/div>\n\t\t\t<\/div>\n\t    \n\t\t\t<div class=\"post-header-wrapper\">\n\t\t\t\t<p>Digitalna transformacija Uspe\u0161nost podjetja LESKO \u017diri je plod proizvodnih, prodajnih in razvojnih prizadevanj slovenske dru\u017eine, ki \u017ee od leta 1990 izdeluje leseno pohi\u0161tvo po meri. Ekipa podjetja daje velik poudarek na tehnolo\u0161ko dovr\u0161enost delovnih procesov, strojev in usposabljanje zaposlenih.Da bi...<\/p>\t\t\t    <div class=\"post-button-wrapper\">\n\t\t\t\t    <a class=\"continue-reading\" href=\"https:\/\/angelis.agency\/sl\/lesko-digitalna-transformacija\/\" title=\"Digitalna transformacija @ Lesko d.o.o.\">Nadaljuj z branjem<span><\/span><\/a>\n\t\t\t\t    \n\t\t\t\t    \t\t\t    <\/div>\n\t\t\t    <br class=\"clear\"\/>\n\t\t\t<\/div>\n\t    <\/div>\n\t    \n\t<\/div>\n\n<\/div>\n<!-- End each blog post --><!-- Begin each blog post -->\n<div class=\"blog-posts-grid post-12419 post type-post status-publish format-standard hentry category-proizvodnja tag-kibernetska-varnost\">\n\t\n\t\t<div class=\"post-wrapper smoove disable_tablet\" data-move-y=\"450px\" data-rotate-x=\"24deg\" data-delay=\"200\" data-minwidth=\"769\" data-offset=\"-30%\">\n\t\t\n\t\t\t    \n\t    <div class=\"post-content-wrapper text-left\">\n\t\t    \n\t\t    <div class=\"post-header\">\n\t\t\t    \t\t\t\t<div class=\"post-header-title\">\n\t\t\t\t    <h5><a href=\"https:\/\/angelis.agency\/sl\/var-kibernetska-varnost\/\" title=\"Kibernetska varnost @VAR d.o.o.\">Kibernetska varnost @VAR d.o.o.<\/a><\/h5>\n\t\t\t\t<\/div>\n\t\t\t<\/div>\n\t    \n\t\t\t<div class=\"post-header-wrapper\">\n\t\t\t\t<p>Kibernetska varnost Podjetje VAR \u017ee ve\u010d kot 25 let deluje kot specialist za napredna orodja na podro\u010dju avtomobilske industrije. Njihova ekipa se osredoto\u010da na zagotavljanje najbolj\u0161ega zadovoljstva strank z zagotavljanjem visoke kakovosti, inovacijami in nenehnim razvojem. Skrb za znanje in...<\/p>\t\t\t    <div class=\"post-button-wrapper\">\n\t\t\t\t    <a class=\"continue-reading\" href=\"https:\/\/angelis.agency\/sl\/var-kibernetska-varnost\/\" title=\"Kibernetska varnost @VAR d.o.o.\">Nadaljuj z branjem<span><\/span><\/a>\n\t\t\t\t    \n\t\t\t\t    \t\t\t    <\/div>\n\t\t\t    <br class=\"clear\"\/>\n\t\t\t<\/div>\n\t    <\/div>\n\t    \n\t<\/div>\n\n<\/div>\n<!-- End each blog post --><\/div>\n<br class=\"clear\"\/>\t\t\t\t<\/div>\n\t\t\t\t<\/div>\n\t\t\t\t\t<\/div>\n\t\t<\/div>\n\t\t\t\t\t<\/div>\n\t\t<\/section>\n\t\t\t\t<\/div>\n\t\t","protected":false},"excerpt":{"rendered":"<p>Proizvodnja Nekateri na\u0161i nedavni projekti v industrijskem sektorju, na katere smo ponosni.\u200b Digitalna transformacija @ Lesko d.o.o. Digitalna transformacija Uspe\u0161nost podjetja LESKO \u017diri je plod proizvodnih, prodajnih in razvojnih prizadevanj slovenske dru\u017eine, ki \u017ee od leta 1990 izdeluje leseno pohi\u0161tvo [&hellip;]<\/p>\n","protected":false},"author":4,"featured_media":0,"parent":11874,"menu_order":0,"comment_status":"closed","ping_status":"closed","template":"","meta":{"inline_featured_image":false,"footnotes":""},"class_list":["post-12234","page","type-page","status-publish","hentry"],"yoast_head":"<!-- This site is optimized with the Yoast SEO Premium plugin v22.6 (Yoast SEO v25.2) - https:\/\/yoast.com\/wordpress\/plugins\/seo\/ -->\n<title>Proizvodnja - ANGELIS AGENCY<\/title>\n<meta name=\"robots\" content=\"index, follow, max-snippet:-1, max-image-preview:large, max-video-preview:-1\" \/>\n<link rel=\"canonical\" href=\"https:\/\/angelis.agency\/en\/our-services\/manufacturing\/\" \/>\n<meta property=\"og:locale\" content=\"sl_SI\" \/>\n<meta property=\"og:type\" content=\"article\" \/>\n<meta property=\"og:title\" content=\"Proizvodnja\" \/>\n<meta property=\"og:description\" content=\"Proizvodnja Nekateri na\u0161i nedavni projekti v industrijskem sektorju, na katere smo ponosni.\u200b Digitalna transformacija @ Lesko d.o.o. Digitalna transformacija Uspe\u0161nost podjetja LESKO \u017diri je plod proizvodnih, prodajnih in razvojnih prizadevanj slovenske dru\u017eine, ki \u017ee od leta 1990 izdeluje leseno pohi\u0161tvo [&hellip;]\" \/>\n<meta property=\"og:url\" content=\"https:\/\/angelis.agency\/en\/our-services\/manufacturing\/\" \/>\n<meta property=\"og:site_name\" content=\"ANGELIS AGENCY\" \/>\n<meta property=\"article:modified_time\" content=\"2023-07-18T08:30:02+00:00\" \/>\n<meta property=\"og:image\" content=\"https:\/\/static.angelis.si\/uploads\/2021\/12\/smart-production-control.svg\" \/>\n<meta name=\"twitter:card\" content=\"summary_large_image\" \/>\n<meta name=\"twitter:label1\" content=\"Est. reading time\" \/>\n\t<meta name=\"twitter:data1\" content=\"1 minuta\" \/>\n<script type=\"application\/ld+json\" class=\"yoast-schema-graph\">{\"@context\":\"https:\/\/schema.org\",\"@graph\":[{\"@type\":\"WebPage\",\"@id\":\"https:\/\/angelis.agency\/en\/our-services\/manufacturing\/\",\"url\":\"https:\/\/angelis.agency\/en\/our-services\/manufacturing\/\",\"name\":\"Proizvodnja - ANGELIS AGENCY\",\"isPartOf\":{\"@id\":\"https:\/\/angelis.agency\/sl\/#website\"},\"primaryImageOfPage\":{\"@id\":\"https:\/\/angelis.agency\/en\/our-services\/manufacturing\/#primaryimage\"},\"image\":{\"@id\":\"https:\/\/angelis.agency\/en\/our-services\/manufacturing\/#primaryimage\"},\"thumbnailUrl\":\"https:\/\/static.angelis.si\/uploads\/2021\/12\/smart-production-control.svg\",\"datePublished\":\"2021-11-02T13:50:34+00:00\",\"dateModified\":\"2023-07-18T08:30:02+00:00\",\"breadcrumb\":{\"@id\":\"https:\/\/angelis.agency\/en\/our-services\/manufacturing\/#breadcrumb\"},\"inLanguage\":\"sl-SI\",\"potentialAction\":[{\"@type\":\"ReadAction\",\"target\":[\"https:\/\/angelis.agency\/en\/our-services\/manufacturing\/\"]}]},{\"@type\":\"ImageObject\",\"inLanguage\":\"sl-SI\",\"@id\":\"https:\/\/angelis.agency\/en\/our-services\/manufacturing\/#primaryimage\",\"url\":\"https:\/\/static.angelis.si\/uploads\/2021\/12\/smart-production-control.svg\",\"contentUrl\":\"https:\/\/static.angelis.si\/uploads\/2021\/12\/smart-production-control.svg\"},{\"@type\":\"BreadcrumbList\",\"@id\":\"https:\/\/angelis.agency\/en\/our-services\/manufacturing\/#breadcrumb\",\"itemListElement\":[{\"@type\":\"ListItem\",\"position\":1,\"name\":\"Home\",\"item\":\"https:\/\/angelis.agency\/sl\/\"},{\"@type\":\"ListItem\",\"position\":2,\"name\":\"Na\u0161e storitve\",\"item\":\"https:\/\/angelis.agency\/en\/our-services\/\"},{\"@type\":\"ListItem\",\"position\":3,\"name\":\"Proizvodnja\"}]},{\"@type\":\"WebSite\",\"@id\":\"https:\/\/angelis.agency\/sl\/#website\",\"url\":\"https:\/\/angelis.agency\/sl\/\",\"name\":\"ANGELIS AGENCY\",\"description\":\"\",\"potentialAction\":[{\"@type\":\"SearchAction\",\"target\":{\"@type\":\"EntryPoint\",\"urlTemplate\":\"https:\/\/angelis.agency\/sl\/?s={search_term_string}\"},\"query-input\":{\"@type\":\"PropertyValueSpecification\",\"valueRequired\":true,\"valueName\":\"search_term_string\"}}],\"inLanguage\":\"sl-SI\"}]}<\/script>\n<!-- \/ Yoast SEO Premium plugin. -->","yoast_head_json":{"title":"Proizvodnja - ANGELIS AGENCY","robots":{"index":"index","follow":"follow","max-snippet":"max-snippet:-1","max-image-preview":"max-image-preview:large","max-video-preview":"max-video-preview:-1"},"canonical":"https:\/\/angelis.agency\/en\/our-services\/manufacturing\/","og_locale":"sl_SI","og_type":"article","og_title":"Proizvodnja","og_description":"Proizvodnja Nekateri na\u0161i nedavni projekti v industrijskem sektorju, na katere smo ponosni.\u200b Digitalna transformacija @ Lesko d.o.o. Digitalna transformacija Uspe\u0161nost podjetja LESKO \u017diri je plod proizvodnih, prodajnih in razvojnih prizadevanj slovenske dru\u017eine, ki \u017ee od leta 1990 izdeluje leseno pohi\u0161tvo [&hellip;]","og_url":"https:\/\/angelis.agency\/en\/our-services\/manufacturing\/","og_site_name":"ANGELIS AGENCY","article_modified_time":"2023-07-18T08:30:02+00:00","og_image":[{"url":"https:\/\/static.angelis.si\/uploads\/2021\/12\/smart-production-control.svg","type":"","width":"","height":""}],"twitter_card":"summary_large_image","twitter_misc":{"Est. reading time":"1 minuta"},"schema":{"@context":"https:\/\/schema.org","@graph":[{"@type":"WebPage","@id":"https:\/\/angelis.agency\/en\/our-services\/manufacturing\/","url":"https:\/\/angelis.agency\/en\/our-services\/manufacturing\/","name":"Proizvodnja - ANGELIS AGENCY","isPartOf":{"@id":"https:\/\/angelis.agency\/sl\/#website"},"primaryImageOfPage":{"@id":"https:\/\/angelis.agency\/en\/our-services\/manufacturing\/#primaryimage"},"image":{"@id":"https:\/\/angelis.agency\/en\/our-services\/manufacturing\/#primaryimage"},"thumbnailUrl":"https:\/\/static.angelis.si\/uploads\/2021\/12\/smart-production-control.svg","datePublished":"2021-11-02T13:50:34+00:00","dateModified":"2023-07-18T08:30:02+00:00","breadcrumb":{"@id":"https:\/\/angelis.agency\/en\/our-services\/manufacturing\/#breadcrumb"},"inLanguage":"sl-SI","potentialAction":[{"@type":"ReadAction","target":["https:\/\/angelis.agency\/en\/our-services\/manufacturing\/"]}]},{"@type":"ImageObject","inLanguage":"sl-SI","@id":"https:\/\/angelis.agency\/en\/our-services\/manufacturing\/#primaryimage","url":"https:\/\/static.angelis.si\/uploads\/2021\/12\/smart-production-control.svg","contentUrl":"https:\/\/static.angelis.si\/uploads\/2021\/12\/smart-production-control.svg"},{"@type":"BreadcrumbList","@id":"https:\/\/angelis.agency\/en\/our-services\/manufacturing\/#breadcrumb","itemListElement":[{"@type":"ListItem","position":1,"name":"Home","item":"https:\/\/angelis.agency\/sl\/"},{"@type":"ListItem","position":2,"name":"Na\u0161e storitve","item":"https:\/\/angelis.agency\/en\/our-services\/"},{"@type":"ListItem","position":3,"name":"Proizvodnja"}]},{"@type":"WebSite","@id":"https:\/\/angelis.agency\/sl\/#website","url":"https:\/\/angelis.agency\/sl\/","name":"ANGELIS AGENCY","description":"","potentialAction":[{"@type":"SearchAction","target":{"@type":"EntryPoint","urlTemplate":"https:\/\/angelis.agency\/sl\/?s={search_term_string}"},"query-input":{"@type":"PropertyValueSpecification","valueRequired":true,"valueName":"search_term_string"}}],"inLanguage":"sl-SI"}]}},"_links":{"self":[{"href":"https:\/\/angelis.agency\/sl\/wp-json\/wp\/v2\/pages\/12234","targetHints":{"allow":["GET"]}}],"collection":[{"href":"https:\/\/angelis.agency\/sl\/wp-json\/wp\/v2\/pages"}],"about":[{"href":"https:\/\/angelis.agency\/sl\/wp-json\/wp\/v2\/types\/page"}],"author":[{"embeddable":true,"href":"https:\/\/angelis.agency\/sl\/wp-json\/wp\/v2\/users\/4"}],"replies":[{"embeddable":true,"href":"https:\/\/angelis.agency\/sl\/wp-json\/wp\/v2\/comments?post=12234"}],"version-history":[{"count":12,"href":"https:\/\/angelis.agency\/sl\/wp-json\/wp\/v2\/pages\/12234\/revisions"}],"predecessor-version":[{"id":16780,"href":"https:\/\/angelis.agency\/sl\/wp-json\/wp\/v2\/pages\/12234\/revisions\/16780"}],"up":[{"embeddable":true,"href":"https:\/\/angelis.agency\/sl\/wp-json\/wp\/v2\/pages\/11874"}],"wp:attachment":[{"href":"https:\/\/angelis.agency\/sl\/wp-json\/wp\/v2\/media?parent=12234"}],"curies":[{"name":"wp","href":"https:\/\/api.w.org\/{rel}","templated":true}]}}