{"id":12229,"date":"2021-11-02T14:02:05","date_gmt":"2021-11-02T14:02:05","guid":{"rendered":"https:\/\/agency.angelis.si\/nase-storitve\/logistics\/"},"modified":"2023-07-18T10:36:30","modified_gmt":"2023-07-18T08:36:30","slug":"logistika","status":"publish","type":"page","link":"https:\/\/angelis.agency\/sl\/nase-storitve\/logistika\/","title":{"rendered":"Logistika"},"content":{"rendered":"\t\t<div data-elementor-type=\"wp-page\" data-elementor-id=\"12229\" class=\"elementor elementor-12229 elementor-8439\">\n\t\t\t\t\t\t<section class=\"elementor-section elementor-top-section elementor-element elementor-element-34b9ddf elementor-section-stretched elementor-section-boxed elementor-section-height-default elementor-section-height-default\" data-id=\"34b9ddf\" data-element_type=\"section\" data-settings=\"{&quot;stretch_section&quot;:&quot;section-stretched&quot;,&quot;background_background&quot;:&quot;classic&quot;}\">\n\t\t\t\t\t\t<div class=\"elementor-container elementor-column-gap-default\">\n\t\t\t\t\t<div class=\"elementor-column elementor-col-50 elementor-top-column elementor-element elementor-element-faff055\" data-id=\"faff055\" data-element_type=\"column\" data-settings=\"{&quot;avante_ext_is_scrollme&quot;:&quot;false&quot;,&quot;avante_ext_is_smoove&quot;:&quot;false&quot;,&quot;avante_ext_is_parallax_mouse&quot;:&quot;false&quot;,&quot;avante_ext_is_infinite&quot;:&quot;false&quot;,&quot;avante_ext_link_sidemenu&quot;:&quot;false&quot;}\">\n\t\t\t<div class=\"elementor-widget-wrap elementor-element-populated\">\n\t\t\t\t\t\t<div class=\"elementor-element elementor-element-6247215 elementor-widget-mobile__width-inherit elementor-widget elementor-widget-heading\" data-id=\"6247215\" data-element_type=\"widget\" data-settings=\"{&quot;avante_ext_is_scrollme&quot;:&quot;false&quot;,&quot;avante_ext_is_parallax_mouse&quot;:&quot;false&quot;,&quot;avante_ext_is_infinite&quot;:&quot;false&quot;,&quot;avante_ext_link_sidemenu&quot;:&quot;false&quot;}\" data-widget_type=\"heading.default\">\n\t\t\t\t<div class=\"elementor-widget-container\">\n\t\t\t\t\t<h1 class=\"elementor-heading-title elementor-size-default\">Logistika<\/h1>\t\t\t\t<\/div>\n\t\t\t\t<\/div>\n\t\t\t\t<div class=\"elementor-element elementor-element-25461ec elementor-widget__width-auto elementor-widget-mobile__width-inherit elementor-widget elementor-widget-heading\" data-id=\"25461ec\" data-element_type=\"widget\" data-settings=\"{&quot;avante_ext_is_scrollme&quot;:&quot;false&quot;,&quot;avante_ext_is_parallax_mouse&quot;:&quot;false&quot;,&quot;avante_ext_is_infinite&quot;:&quot;false&quot;,&quot;avante_ext_link_sidemenu&quot;:&quot;false&quot;}\" data-widget_type=\"heading.default\">\n\t\t\t\t<div class=\"elementor-widget-container\">\n\t\t\t\t\t<div class=\"elementor-heading-title elementor-size-default\">Nekateri na\u0161i nedavni projekti v logisti\u010dnem sektorju, na katere smo ponosni.\u200b<\/div>\t\t\t\t<\/div>\n\t\t\t\t<\/div>\n\t\t\t\t\t<\/div>\n\t\t<\/div>\n\t\t\t\t<div class=\"elementor-column elementor-col-50 elementor-top-column elementor-element elementor-element-b7d9d96\" data-id=\"b7d9d96\" data-element_type=\"column\" data-settings=\"{&quot;avante_ext_is_scrollme&quot;:&quot;false&quot;,&quot;avante_ext_is_smoove&quot;:&quot;false&quot;,&quot;avante_ext_is_parallax_mouse&quot;:&quot;false&quot;,&quot;avante_ext_is_infinite&quot;:&quot;false&quot;,&quot;avante_ext_link_sidemenu&quot;:&quot;false&quot;}\">\n\t\t\t<div class=\"elementor-widget-wrap elementor-element-populated\">\n\t\t\t\t\t\t<div class=\"elementor-element elementor-element-73b050b elementor-widget elementor-widget-image\" data-id=\"73b050b\" data-element_type=\"widget\" data-settings=\"{&quot;avante_ext_is_scrollme&quot;:&quot;false&quot;,&quot;avante_ext_is_smoove&quot;:&quot;false&quot;,&quot;avante_ext_is_parallax_mouse&quot;:&quot;false&quot;,&quot;avante_ext_is_infinite&quot;:&quot;false&quot;,&quot;avante_ext_link_sidemenu&quot;:&quot;false&quot;}\" data-widget_type=\"image.default\">\n\t\t\t\t<div class=\"elementor-widget-container\">\n\t\t\t\t\t\t\t\t\t\t\t\t\t\t\t<img fetchpriority=\"high\" decoding=\"async\" width=\"985\" height=\"681\" src=\"https:\/\/static.angelis.si\/uploads\/2021\/12\/chain-management.svg\" class=\"attachment-large size-large wp-image-11778\" alt=\"\" \/>\t\t\t\t\t\t\t\t\t\t\t\t\t\t\t<\/div>\n\t\t\t\t<\/div>\n\t\t\t\t\t<\/div>\n\t\t<\/div>\n\t\t\t\t\t<\/div>\n\t\t<\/section>\n\t\t\t\t<section class=\"elementor-section elementor-top-section elementor-element elementor-element-e0595e8 elementor-section-stretched elementor-section-boxed elementor-section-height-default elementor-section-height-default\" data-id=\"e0595e8\" data-element_type=\"section\" data-settings=\"{&quot;stretch_section&quot;:&quot;section-stretched&quot;}\">\n\t\t\t\t\t\t<div class=\"elementor-container elementor-column-gap-default\">\n\t\t\t\t\t<div class=\"elementor-column elementor-col-100 elementor-top-column elementor-element elementor-element-2007d09\" data-id=\"2007d09\" data-element_type=\"column\" data-settings=\"{&quot;avante_ext_is_scrollme&quot;:&quot;false&quot;,&quot;avante_ext_is_smoove&quot;:&quot;false&quot;,&quot;avante_ext_is_parallax_mouse&quot;:&quot;false&quot;,&quot;avante_ext_is_infinite&quot;:&quot;false&quot;,&quot;avante_ext_link_sidemenu&quot;:&quot;false&quot;}\">\n\t\t\t<div class=\"elementor-widget-wrap elementor-element-populated\">\n\t\t\t\t\t\t<div class=\"elementor-element elementor-element-7f5357a elementor-widget elementor-widget-avante-blog-posts\" data-id=\"7f5357a\" data-element_type=\"widget\" data-settings=\"{&quot;avante_ext_is_scrollme&quot;:&quot;false&quot;,&quot;avante_ext_is_smoove&quot;:&quot;false&quot;,&quot;avante_ext_is_parallax_mouse&quot;:&quot;false&quot;,&quot;avante_ext_is_infinite&quot;:&quot;false&quot;,&quot;avante_ext_link_sidemenu&quot;:&quot;false&quot;}\" data-widget_type=\"avante-blog-posts.default\">\n\t\t\t\t<div class=\"elementor-widget-container\">\n\t\t\t\t\t<div class=\"blog-post-content-wrapper layout-grid\">\n<!-- Begin each blog post -->\n<div class=\"blog-posts-grid post-12404 post type-post status-publish format-standard hentry category-logistika tag-razvoj-spletnih-aplikacij\">\n\t\n\t\t<div class=\"post-wrapper smoove disable_tablet\" data-move-y=\"450px\" data-rotate-x=\"24deg\" data-delay=\"100\" data-minwidth=\"769\" data-offset=\"-30%\">\n\t\t\n\t\t\t    \n\t    <div class=\"post-content-wrapper text-\">\n\t\t    \n\t\t    <div class=\"post-header\">\n\t\t\t    \t\t\t\t<div class=\"post-header-title\">\n\t\t\t\t    <h5><a href=\"https:\/\/angelis.agency\/sl\/bestwood-spletna-aplikacija\/\" title=\"Razvoj spletne aplikacije @ Bestwood d.o.o.\">Razvoj spletne aplikacije @ Bestwood d.o.o.<\/a><\/h5>\n\t\t\t\t<\/div>\n\t\t\t<\/div>\n\t    \n\t\t\t<div class=\"post-header-wrapper\">\n\t\t\t\t<p>Razvoj spletne aplikacije Podjetje Bestwood je specializirano za proizvodnjo in prodajo kakovostnega notranjega pohi\u0161tva iz lesa in lesnih kompozitov. Notranji razvojni oddelek in proizvodni proces z ra\u010dunalni\u0161ko vodenimi lesnoobdelovalnimi stroji omogo\u010da podjetju izdelavo pohi\u0161tva po meri z zeleno oznako.Stranke podjetja...<\/p>\t\t\t    <div class=\"post-button-wrapper\">\n\t\t\t\t    <a class=\"continue-reading\" href=\"https:\/\/angelis.agency\/sl\/bestwood-spletna-aplikacija\/\" title=\"Razvoj spletne aplikacije @ Bestwood d.o.o.\">Nadaljuj z branjem<span><\/span><\/a>\n\t\t\t\t    \n\t\t\t\t    \t\t\t    <\/div>\n\t\t\t    <br class=\"clear\"\/>\n\t\t\t<\/div>\n\t    <\/div>\n\t    \n\t<\/div>\n\n<\/div>\n<!-- End each blog post --><\/div>\n<br class=\"clear\"\/>\t\t\t\t<\/div>\n\t\t\t\t<\/div>\n\t\t\t\t\t<\/div>\n\t\t<\/div>\n\t\t\t\t\t<\/div>\n\t\t<\/section>\n\t\t\t\t<\/div>\n\t\t","protected":false},"excerpt":{"rendered":"<p>Logistika Nekateri na\u0161i nedavni projekti v logisti\u010dnem sektorju, na katere smo ponosni.\u200b Razvoj spletne aplikacije @ Bestwood d.o.o. Razvoj spletne aplikacije Podjetje Bestwood je specializirano za proizvodnjo in prodajo kakovostnega notranjega pohi\u0161tva iz lesa in lesnih kompozitov Notranji razvojni oddelek [&hellip;]<\/p>\n","protected":false},"author":4,"featured_media":0,"parent":11874,"menu_order":0,"comment_status":"closed","ping_status":"closed","template":"","meta":{"inline_featured_image":false,"footnotes":""},"class_list":["post-12229","page","type-page","status-publish","hentry"],"yoast_head":"<!-- This site is optimized with the Yoast SEO Premium plugin v22.6 (Yoast SEO v25.2) - https:\/\/yoast.com\/wordpress\/plugins\/seo\/ -->\n<title>Logistika - ANGELIS AGENCY<\/title>\n<meta name=\"robots\" content=\"index, follow, max-snippet:-1, max-image-preview:large, max-video-preview:-1\" \/>\n<link rel=\"canonical\" href=\"https:\/\/angelis.agency\/en\/our-services\/logistics\/\" \/>\n<meta property=\"og:locale\" content=\"sl_SI\" \/>\n<meta property=\"og:type\" content=\"article\" \/>\n<meta property=\"og:title\" content=\"Logistika\" \/>\n<meta property=\"og:description\" content=\"Logistika Nekateri na\u0161i nedavni projekti v logisti\u010dnem sektorju, na katere smo ponosni.\u200b Razvoj spletne aplikacije @ Bestwood d.o.o. Razvoj spletne aplikacije Podjetje Bestwood je specializirano za proizvodnjo in prodajo kakovostnega notranjega pohi\u0161tva iz lesa in lesnih kompozitov Notranji razvojni oddelek [&hellip;]\" \/>\n<meta property=\"og:url\" content=\"https:\/\/angelis.agency\/en\/our-services\/logistics\/\" \/>\n<meta property=\"og:site_name\" content=\"ANGELIS AGENCY\" \/>\n<meta property=\"article:modified_time\" content=\"2023-07-18T08:36:30+00:00\" \/>\n<meta property=\"og:image\" content=\"https:\/\/static.angelis.si\/uploads\/2021\/12\/chain-management.svg\" \/>\n<meta name=\"twitter:card\" content=\"summary_large_image\" \/>\n<meta name=\"twitter:label1\" content=\"Est. reading time\" \/>\n\t<meta name=\"twitter:data1\" content=\"1 minuta\" \/>\n<script type=\"application\/ld+json\" class=\"yoast-schema-graph\">{\"@context\":\"https:\/\/schema.org\",\"@graph\":[{\"@type\":\"WebPage\",\"@id\":\"https:\/\/angelis.agency\/en\/our-services\/logistics\/\",\"url\":\"https:\/\/angelis.agency\/en\/our-services\/logistics\/\",\"name\":\"Logistika - ANGELIS AGENCY\",\"isPartOf\":{\"@id\":\"https:\/\/angelis.agency\/sl\/#website\"},\"primaryImageOfPage\":{\"@id\":\"https:\/\/angelis.agency\/en\/our-services\/logistics\/#primaryimage\"},\"image\":{\"@id\":\"https:\/\/angelis.agency\/en\/our-services\/logistics\/#primaryimage\"},\"thumbnailUrl\":\"https:\/\/static.angelis.si\/uploads\/2021\/12\/chain-management.svg\",\"datePublished\":\"2021-11-02T14:02:05+00:00\",\"dateModified\":\"2023-07-18T08:36:30+00:00\",\"breadcrumb\":{\"@id\":\"https:\/\/angelis.agency\/en\/our-services\/logistics\/#breadcrumb\"},\"inLanguage\":\"sl-SI\",\"potentialAction\":[{\"@type\":\"ReadAction\",\"target\":[\"https:\/\/angelis.agency\/en\/our-services\/logistics\/\"]}]},{\"@type\":\"ImageObject\",\"inLanguage\":\"sl-SI\",\"@id\":\"https:\/\/angelis.agency\/en\/our-services\/logistics\/#primaryimage\",\"url\":\"https:\/\/static.angelis.si\/uploads\/2021\/12\/chain-management.svg\",\"contentUrl\":\"https:\/\/static.angelis.si\/uploads\/2021\/12\/chain-management.svg\"},{\"@type\":\"BreadcrumbList\",\"@id\":\"https:\/\/angelis.agency\/en\/our-services\/logistics\/#breadcrumb\",\"itemListElement\":[{\"@type\":\"ListItem\",\"position\":1,\"name\":\"Home\",\"item\":\"https:\/\/angelis.agency\/sl\/\"},{\"@type\":\"ListItem\",\"position\":2,\"name\":\"Na\u0161e storitve\",\"item\":\"https:\/\/angelis.agency\/en\/our-services\/\"},{\"@type\":\"ListItem\",\"position\":3,\"name\":\"Logistika\"}]},{\"@type\":\"WebSite\",\"@id\":\"https:\/\/angelis.agency\/sl\/#website\",\"url\":\"https:\/\/angelis.agency\/sl\/\",\"name\":\"ANGELIS AGENCY\",\"description\":\"\",\"potentialAction\":[{\"@type\":\"SearchAction\",\"target\":{\"@type\":\"EntryPoint\",\"urlTemplate\":\"https:\/\/angelis.agency\/sl\/?s={search_term_string}\"},\"query-input\":{\"@type\":\"PropertyValueSpecification\",\"valueRequired\":true,\"valueName\":\"search_term_string\"}}],\"inLanguage\":\"sl-SI\"}]}<\/script>\n<!-- \/ Yoast SEO Premium plugin. -->","yoast_head_json":{"title":"Logistika - ANGELIS AGENCY","robots":{"index":"index","follow":"follow","max-snippet":"max-snippet:-1","max-image-preview":"max-image-preview:large","max-video-preview":"max-video-preview:-1"},"canonical":"https:\/\/angelis.agency\/en\/our-services\/logistics\/","og_locale":"sl_SI","og_type":"article","og_title":"Logistika","og_description":"Logistika Nekateri na\u0161i nedavni projekti v logisti\u010dnem sektorju, na katere smo ponosni.\u200b Razvoj spletne aplikacije @ Bestwood d.o.o. Razvoj spletne aplikacije Podjetje Bestwood je specializirano za proizvodnjo in prodajo kakovostnega notranjega pohi\u0161tva iz lesa in lesnih kompozitov Notranji razvojni oddelek [&hellip;]","og_url":"https:\/\/angelis.agency\/en\/our-services\/logistics\/","og_site_name":"ANGELIS AGENCY","article_modified_time":"2023-07-18T08:36:30+00:00","og_image":[{"url":"https:\/\/static.angelis.si\/uploads\/2021\/12\/chain-management.svg","type":"","width":"","height":""}],"twitter_card":"summary_large_image","twitter_misc":{"Est. reading time":"1 minuta"},"schema":{"@context":"https:\/\/schema.org","@graph":[{"@type":"WebPage","@id":"https:\/\/angelis.agency\/en\/our-services\/logistics\/","url":"https:\/\/angelis.agency\/en\/our-services\/logistics\/","name":"Logistika - ANGELIS AGENCY","isPartOf":{"@id":"https:\/\/angelis.agency\/sl\/#website"},"primaryImageOfPage":{"@id":"https:\/\/angelis.agency\/en\/our-services\/logistics\/#primaryimage"},"image":{"@id":"https:\/\/angelis.agency\/en\/our-services\/logistics\/#primaryimage"},"thumbnailUrl":"https:\/\/static.angelis.si\/uploads\/2021\/12\/chain-management.svg","datePublished":"2021-11-02T14:02:05+00:00","dateModified":"2023-07-18T08:36:30+00:00","breadcrumb":{"@id":"https:\/\/angelis.agency\/en\/our-services\/logistics\/#breadcrumb"},"inLanguage":"sl-SI","potentialAction":[{"@type":"ReadAction","target":["https:\/\/angelis.agency\/en\/our-services\/logistics\/"]}]},{"@type":"ImageObject","inLanguage":"sl-SI","@id":"https:\/\/angelis.agency\/en\/our-services\/logistics\/#primaryimage","url":"https:\/\/static.angelis.si\/uploads\/2021\/12\/chain-management.svg","contentUrl":"https:\/\/static.angelis.si\/uploads\/2021\/12\/chain-management.svg"},{"@type":"BreadcrumbList","@id":"https:\/\/angelis.agency\/en\/our-services\/logistics\/#breadcrumb","itemListElement":[{"@type":"ListItem","position":1,"name":"Home","item":"https:\/\/angelis.agency\/sl\/"},{"@type":"ListItem","position":2,"name":"Na\u0161e storitve","item":"https:\/\/angelis.agency\/en\/our-services\/"},{"@type":"ListItem","position":3,"name":"Logistika"}]},{"@type":"WebSite","@id":"https:\/\/angelis.agency\/sl\/#website","url":"https:\/\/angelis.agency\/sl\/","name":"ANGELIS AGENCY","description":"","potentialAction":[{"@type":"SearchAction","target":{"@type":"EntryPoint","urlTemplate":"https:\/\/angelis.agency\/sl\/?s={search_term_string}"},"query-input":{"@type":"PropertyValueSpecification","valueRequired":true,"valueName":"search_term_string"}}],"inLanguage":"sl-SI"}]}},"_links":{"self":[{"href":"https:\/\/angelis.agency\/sl\/wp-json\/wp\/v2\/pages\/12229","targetHints":{"allow":["GET"]}}],"collection":[{"href":"https:\/\/angelis.agency\/sl\/wp-json\/wp\/v2\/pages"}],"about":[{"href":"https:\/\/angelis.agency\/sl\/wp-json\/wp\/v2\/types\/page"}],"author":[{"embeddable":true,"href":"https:\/\/angelis.agency\/sl\/wp-json\/wp\/v2\/users\/4"}],"replies":[{"embeddable":true,"href":"https:\/\/angelis.agency\/sl\/wp-json\/wp\/v2\/comments?post=12229"}],"version-history":[{"count":6,"href":"https:\/\/angelis.agency\/sl\/wp-json\/wp\/v2\/pages\/12229\/revisions"}],"predecessor-version":[{"id":16801,"href":"https:\/\/angelis.agency\/sl\/wp-json\/wp\/v2\/pages\/12229\/revisions\/16801"}],"up":[{"embeddable":true,"href":"https:\/\/angelis.agency\/sl\/wp-json\/wp\/v2\/pages\/11874"}],"wp:attachment":[{"href":"https:\/\/angelis.agency\/sl\/wp-json\/wp\/v2\/media?parent=12229"}],"curies":[{"name":"wp","href":"https:\/\/api.w.org\/{rel}","templated":true}]}}