{"id":9718,"date":"2021-12-01T10:00:13","date_gmt":"2021-12-01T10:00:13","guid":{"rendered":"https:\/\/agency.angelis.si\/?page_id=9718"},"modified":"2023-08-04T11:40:23","modified_gmt":"2023-08-04T09:40:23","slug":"cyber-security-cases","status":"publish","type":"page","link":"https:\/\/angelis.agency\/en\/our-services\/cyber-security-cases\/","title":{"rendered":"Cyber security cases"},"content":{"rendered":"\t\t<div data-elementor-type=\"wp-page\" data-elementor-id=\"9718\" class=\"elementor elementor-9718\">\n\t\t\t\t\t\t<section class=\"elementor-section elementor-top-section elementor-element elementor-element-5ac5a52 elementor-section-stretched elementor-section-height-min-height elementor-section-boxed elementor-section-height-default elementor-section-items-middle\" data-id=\"5ac5a52\" data-element_type=\"section\" data-settings=\"{&quot;stretch_section&quot;:&quot;section-stretched&quot;,&quot;background_background&quot;:&quot;classic&quot;}\">\n\t\t\t\t\t\t<div class=\"elementor-container elementor-column-gap-default\">\n\t\t\t\t\t<div class=\"elementor-column elementor-col-33 elementor-top-column elementor-element elementor-element-10e9a05\" data-id=\"10e9a05\" data-element_type=\"column\" data-settings=\"{&quot;avante_ext_is_scrollme&quot;:&quot;false&quot;,&quot;avante_ext_is_smoove&quot;:&quot;false&quot;,&quot;avante_ext_is_parallax_mouse&quot;:&quot;false&quot;,&quot;avante_ext_is_infinite&quot;:&quot;false&quot;,&quot;avante_ext_link_sidemenu&quot;:&quot;false&quot;}\">\n\t\t\t<div class=\"elementor-widget-wrap elementor-element-populated\">\n\t\t\t\t\t\t<div class=\"elementor-element elementor-element-c3f3cb1 elementor-widget__width-auto elementor-widget-mobile__width-inherit elementor-widget elementor-widget-heading\" data-id=\"c3f3cb1\" data-element_type=\"widget\" data-settings=\"{&quot;avante_ext_is_scrollme&quot;:&quot;false&quot;,&quot;avante_ext_is_parallax_mouse&quot;:&quot;false&quot;,&quot;avante_ext_is_infinite&quot;:&quot;false&quot;,&quot;avante_ext_link_sidemenu&quot;:&quot;false&quot;}\" data-widget_type=\"heading.default\">\n\t\t\t\t<div class=\"elementor-widget-container\">\n\t\t\t\t\t<h1 class=\"elementor-heading-title elementor-size-default\">Cyber security cases<\/h1>\t\t\t\t<\/div>\n\t\t\t\t<\/div>\n\t\t\t\t<div class=\"elementor-element elementor-element-fb8c846 elementor-widget__width-auto elementor-widget-mobile__width-inherit elementor-widget elementor-widget-heading\" data-id=\"fb8c846\" data-element_type=\"widget\" data-settings=\"{&quot;avante_ext_is_scrollme&quot;:&quot;false&quot;,&quot;avante_ext_is_parallax_mouse&quot;:&quot;false&quot;,&quot;avante_ext_is_infinite&quot;:&quot;false&quot;,&quot;avante_ext_link_sidemenu&quot;:&quot;false&quot;}\" data-widget_type=\"heading.default\">\n\t\t\t\t<div class=\"elementor-widget-container\">\n\t\t\t\t\t<div class=\"elementor-heading-title elementor-size-default\">Some of or recent cases involving cyber security. Our certified experts  are equiped with CEH certificate.<\/div>\t\t\t\t<\/div>\n\t\t\t\t<\/div>\n\t\t\t\t\t<\/div>\n\t\t<\/div>\n\t\t\t\t<div class=\"elementor-column elementor-col-66 elementor-top-column elementor-element elementor-element-bd28f10\" data-id=\"bd28f10\" data-element_type=\"column\" data-settings=\"{&quot;avante_ext_is_scrollme&quot;:&quot;false&quot;,&quot;avante_ext_is_smoove&quot;:&quot;false&quot;,&quot;avante_ext_is_parallax_mouse&quot;:&quot;false&quot;,&quot;avante_ext_is_infinite&quot;:&quot;false&quot;,&quot;avante_ext_link_sidemenu&quot;:&quot;false&quot;}\">\n\t\t\t<div class=\"elementor-widget-wrap elementor-element-populated\">\n\t\t\t\t\t\t<div class=\"elementor-element elementor-element-c2b856a elementor-widget elementor-widget-image\" data-id=\"c2b856a\" data-element_type=\"widget\" data-settings=\"{&quot;avante_ext_is_scrollme&quot;:&quot;false&quot;,&quot;avante_ext_is_smoove&quot;:&quot;false&quot;,&quot;avante_ext_is_parallax_mouse&quot;:&quot;false&quot;,&quot;avante_ext_is_infinite&quot;:&quot;false&quot;,&quot;avante_ext_link_sidemenu&quot;:&quot;false&quot;}\" data-widget_type=\"image.default\">\n\t\t\t\t<div class=\"elementor-widget-container\">\n\t\t\t\t\t\t\t\t\t\t\t\t\t\t\t<img fetchpriority=\"high\" decoding=\"async\" width=\"805\" height=\"544\" src=\"https:\/\/static.angelis.si\/uploads\/2021\/12\/vulnerability-assessment-1.svg\" class=\"attachment-large size-large wp-image-9966\" alt=\"\" \/>\t\t\t\t\t\t\t\t\t\t\t\t\t\t\t<\/div>\n\t\t\t\t<\/div>\n\t\t\t\t\t<\/div>\n\t\t<\/div>\n\t\t\t\t\t<\/div>\n\t\t<\/section>\n\t\t\t\t<section class=\"elementor-section elementor-top-section elementor-element elementor-element-f062e70 elementor-section-boxed elementor-section-height-default elementor-section-height-default\" data-id=\"f062e70\" data-element_type=\"section\">\n\t\t\t\t\t\t<div class=\"elementor-container elementor-column-gap-default\">\n\t\t\t\t\t<div class=\"elementor-column elementor-col-100 elementor-top-column elementor-element elementor-element-67bd08d\" data-id=\"67bd08d\" data-element_type=\"column\" data-settings=\"{&quot;avante_ext_is_scrollme&quot;:&quot;false&quot;,&quot;avante_ext_is_smoove&quot;:&quot;false&quot;,&quot;avante_ext_is_parallax_mouse&quot;:&quot;false&quot;,&quot;avante_ext_is_infinite&quot;:&quot;false&quot;,&quot;avante_ext_link_sidemenu&quot;:&quot;false&quot;}\">\n\t\t\t<div class=\"elementor-widget-wrap elementor-element-populated\">\n\t\t\t\t\t\t<div class=\"elementor-element elementor-element-22b0d74 elementor-grid-eael-col-1 elementor-grid-tablet-eael-col-2 elementor-grid-mobile-eael-col-1 elementor-widget elementor-widget-eael-post-grid\" data-id=\"22b0d74\" data-element_type=\"widget\" data-settings=\"{&quot;eael_post_grid_columns&quot;:&quot;eael-col-1&quot;,&quot;eael_post_grid_columns_tablet&quot;:&quot;eael-col-2&quot;,&quot;eael_post_grid_columns_mobile&quot;:&quot;eael-col-1&quot;,&quot;avante_ext_is_scrollme&quot;:&quot;false&quot;,&quot;avante_ext_is_smoove&quot;:&quot;false&quot;,&quot;avante_ext_is_parallax_mouse&quot;:&quot;false&quot;,&quot;avante_ext_is_infinite&quot;:&quot;false&quot;,&quot;avante_ext_link_sidemenu&quot;:&quot;false&quot;}\" data-widget_type=\"eael-post-grid.default\">\n\t\t\t\t<div class=\"elementor-widget-container\">\n\t\t\t\t\t<div id=\"eael-post-grid-22b0d74\" class=\"eael-post-grid-container\">\n            <div class=\"eael-post-grid eael-post-appender eael-post-appender-22b0d74 eael-post-grid-style-two\" data-layout-mode=\"masonry\"><article class=\"eael-grid-post eael-post-grid-column\" data-id=\"9593\">\n    <div class=\"eael-grid-post-holder\">\n        <div class=\"eael-grid-post-holder-inner\"><div class=\"eael-entry-wrapper\"><header class=\"eael-entry-header\"><h2 class=\"eael-entry-title\"><a class=\"eael-grid-post-link\" href=\"https:\/\/angelis.agency\/en\/var-d-o-o-cybersecurity\/\" title=\"Cybersecurity @VAR d.o.o.\">Cybersecurity @VAR d.o.o.<\/a><\/h2><\/header><div class=\"eael-entry-content\">\n                                <div class=\"eael-grid-post-excerpt\"><p>Cybersecurity Company VAR is a specialist for progressive tools in the field of the automotive industry more than 25 years. Their team focuses on delivering the best customer satisfaction through high-quality assurance, innovation, and constant development. Taking care of their [&hellip;]<\/p><a href=\"https:\/\/angelis.agency\/en\/var-d-o-o-cybersecurity\/\" class=\"eael-post-elements-readmore-btn\">Read More<\/a><\/div>\n                            <\/div><div class=\"eael-entry-header-after style-two\"><div class=\"eael-entry-meta\"><span class=\"eael-meta-posted-on\"><i class=\"far fa-clock\"><\/i><time datetime=\"November 29, 2021\">November 29, 2021<\/time><\/span><\/div><\/div><\/div><\/div>\n    <\/div>\n<\/article><article class=\"eael-grid-post eael-post-grid-column\" data-id=\"9581\">\n    <div class=\"eael-grid-post-holder\">\n        <div class=\"eael-grid-post-holder-inner\"><div class=\"eael-entry-wrapper\"><header class=\"eael-entry-header\"><h2 class=\"eael-entry-title\"><a class=\"eael-grid-post-link\" href=\"https:\/\/angelis.agency\/en\/astech-cybersecurity\/\" title=\"Cybersecurity @ Astech d.o.o.\">Cybersecurity @ Astech d.o.o.<\/a><\/h2><\/header><div class=\"eael-entry-content\">\n                                <div class=\"eael-grid-post-excerpt\"><p>Cybersecurity Company ASTECH is a leading Slovenian company in the field of servicing and maintenance of air conditioning and ventilation systems. Quick response is guaranteed with a constant readiness to solve the problems of their customers. Users, owners, or operators [&hellip;]<\/p><a href=\"https:\/\/angelis.agency\/en\/astech-cybersecurity\/\" class=\"eael-post-elements-readmore-btn\">Read More<\/a><\/div>\n                            <\/div><div class=\"eael-entry-header-after style-two\"><div class=\"eael-entry-meta\"><span class=\"eael-meta-posted-on\"><i class=\"far fa-clock\"><\/i><time datetime=\"November 29, 2021\">November 29, 2021<\/time><\/span><\/div><\/div><\/div><\/div>\n    <\/div>\n<\/article><\/div>\n            <div class=\"clearfix\"><\/div>\n        <\/div>\t\t\t\t<\/div>\n\t\t\t\t<\/div>\n\t\t\t\t\t<\/div>\n\t\t<\/div>\n\t\t\t\t\t<\/div>\n\t\t<\/section>\n\t\t\t\t<\/div>\n\t\t","protected":false},"excerpt":{"rendered":"<p>Cyber security cases Some of or recent cases involving cyber security. Our certified experts are equiped with CEH certificate. Kibernetska varnost @VAR d.o.o. Kibernetska varnost Podjetje VAR \u017ee ve\u010d kot 25 let deluje kot specialist za napredna orodja na podro\u010dju [&hellip;]<\/p>\n","protected":false},"author":4,"featured_media":0,"parent":10325,"menu_order":0,"comment_status":"closed","ping_status":"closed","template":"","meta":{"inline_featured_image":false,"footnotes":""},"class_list":["post-9718","page","type-page","status-publish","hentry"],"yoast_head":"<!-- This site is optimized with the Yoast SEO Premium plugin v22.6 (Yoast SEO v25.2) - https:\/\/yoast.com\/wordpress\/plugins\/seo\/ -->\n<title>Cyber security cases - ANGELIS AGENCY<\/title>\n<meta name=\"robots\" content=\"index, follow, max-snippet:-1, max-image-preview:large, max-video-preview:-1\" \/>\n<link rel=\"canonical\" href=\"https:\/\/angelis.agency\/sl\/nase-storitve\/primeri-kibernetske-varnosti\/\" \/>\n<meta property=\"og:locale\" content=\"en_US\" \/>\n<meta property=\"og:type\" content=\"article\" \/>\n<meta property=\"og:title\" content=\"Cyber security cases\" \/>\n<meta property=\"og:description\" content=\"Cyber security cases Some of or recent cases involving cyber security. Our certified experts are equiped with CEH certificate. Kibernetska varnost @VAR d.o.o. Kibernetska varnost Podjetje VAR \u017ee ve\u010d kot 25 let deluje kot specialist za napredna orodja na podro\u010dju [&hellip;]\" \/>\n<meta property=\"og:url\" content=\"https:\/\/angelis.agency\/sl\/nase-storitve\/primeri-kibernetske-varnosti\/\" \/>\n<meta property=\"og:site_name\" content=\"ANGELIS AGENCY\" \/>\n<meta property=\"article:modified_time\" content=\"2023-08-04T09:40:23+00:00\" \/>\n<meta property=\"og:image\" content=\"https:\/\/static.angelis.si\/uploads\/2021\/12\/vulnerability-assessment-1.svg\" \/>\n<meta name=\"twitter:card\" content=\"summary_large_image\" \/>\n<meta name=\"twitter:label1\" content=\"Est. reading time\" \/>\n\t<meta name=\"twitter:data1\" content=\"1 minute\" \/>\n<script type=\"application\/ld+json\" class=\"yoast-schema-graph\">{\"@context\":\"https:\/\/schema.org\",\"@graph\":[{\"@type\":\"WebPage\",\"@id\":\"https:\/\/angelis.agency\/sl\/nase-storitve\/primeri-kibernetske-varnosti\/\",\"url\":\"https:\/\/angelis.agency\/sl\/nase-storitve\/primeri-kibernetske-varnosti\/\",\"name\":\"Cyber security cases - ANGELIS AGENCY\",\"isPartOf\":{\"@id\":\"https:\/\/angelis.agency\/sl\/#website\"},\"primaryImageOfPage\":{\"@id\":\"https:\/\/angelis.agency\/sl\/nase-storitve\/primeri-kibernetske-varnosti\/#primaryimage\"},\"image\":{\"@id\":\"https:\/\/angelis.agency\/sl\/nase-storitve\/primeri-kibernetske-varnosti\/#primaryimage\"},\"thumbnailUrl\":\"https:\/\/static.angelis.si\/uploads\/2021\/12\/vulnerability-assessment-1.svg\",\"datePublished\":\"2021-12-01T10:00:13+00:00\",\"dateModified\":\"2023-08-04T09:40:23+00:00\",\"breadcrumb\":{\"@id\":\"https:\/\/angelis.agency\/sl\/nase-storitve\/primeri-kibernetske-varnosti\/#breadcrumb\"},\"inLanguage\":\"en-US\",\"potentialAction\":[{\"@type\":\"ReadAction\",\"target\":[\"https:\/\/angelis.agency\/sl\/nase-storitve\/primeri-kibernetske-varnosti\/\"]}]},{\"@type\":\"ImageObject\",\"inLanguage\":\"en-US\",\"@id\":\"https:\/\/angelis.agency\/sl\/nase-storitve\/primeri-kibernetske-varnosti\/#primaryimage\",\"url\":\"https:\/\/static.angelis.si\/uploads\/2021\/12\/vulnerability-assessment-1.svg\",\"contentUrl\":\"https:\/\/static.angelis.si\/uploads\/2021\/12\/vulnerability-assessment-1.svg\"},{\"@type\":\"BreadcrumbList\",\"@id\":\"https:\/\/angelis.agency\/sl\/nase-storitve\/primeri-kibernetske-varnosti\/#breadcrumb\",\"itemListElement\":[{\"@type\":\"ListItem\",\"position\":1,\"name\":\"Home\",\"item\":\"https:\/\/angelis.agency\/sl\/\"},{\"@type\":\"ListItem\",\"position\":2,\"name\":\"Our services\",\"item\":\"https:\/\/angelis.agency\/en\/our-services\/\"},{\"@type\":\"ListItem\",\"position\":3,\"name\":\"Cyber security cases\"}]},{\"@type\":\"WebSite\",\"@id\":\"https:\/\/angelis.agency\/sl\/#website\",\"url\":\"https:\/\/angelis.agency\/sl\/\",\"name\":\"ANGELIS AGENCY\",\"description\":\"\",\"potentialAction\":[{\"@type\":\"SearchAction\",\"target\":{\"@type\":\"EntryPoint\",\"urlTemplate\":\"https:\/\/angelis.agency\/sl\/?s={search_term_string}\"},\"query-input\":{\"@type\":\"PropertyValueSpecification\",\"valueRequired\":true,\"valueName\":\"search_term_string\"}}],\"inLanguage\":\"en-US\"}]}<\/script>\n<!-- \/ Yoast SEO Premium plugin. -->","yoast_head_json":{"title":"Cyber security cases - ANGELIS AGENCY","robots":{"index":"index","follow":"follow","max-snippet":"max-snippet:-1","max-image-preview":"max-image-preview:large","max-video-preview":"max-video-preview:-1"},"canonical":"https:\/\/angelis.agency\/sl\/nase-storitve\/primeri-kibernetske-varnosti\/","og_locale":"en_US","og_type":"article","og_title":"Cyber security cases","og_description":"Cyber security cases Some of or recent cases involving cyber security. Our certified experts are equiped with CEH certificate. Kibernetska varnost @VAR d.o.o. Kibernetska varnost Podjetje VAR \u017ee ve\u010d kot 25 let deluje kot specialist za napredna orodja na podro\u010dju [&hellip;]","og_url":"https:\/\/angelis.agency\/sl\/nase-storitve\/primeri-kibernetske-varnosti\/","og_site_name":"ANGELIS AGENCY","article_modified_time":"2023-08-04T09:40:23+00:00","og_image":[{"url":"https:\/\/static.angelis.si\/uploads\/2021\/12\/vulnerability-assessment-1.svg","type":"","width":"","height":""}],"twitter_card":"summary_large_image","twitter_misc":{"Est. reading time":"1 minute"},"schema":{"@context":"https:\/\/schema.org","@graph":[{"@type":"WebPage","@id":"https:\/\/angelis.agency\/sl\/nase-storitve\/primeri-kibernetske-varnosti\/","url":"https:\/\/angelis.agency\/sl\/nase-storitve\/primeri-kibernetske-varnosti\/","name":"Cyber security cases - ANGELIS AGENCY","isPartOf":{"@id":"https:\/\/angelis.agency\/sl\/#website"},"primaryImageOfPage":{"@id":"https:\/\/angelis.agency\/sl\/nase-storitve\/primeri-kibernetske-varnosti\/#primaryimage"},"image":{"@id":"https:\/\/angelis.agency\/sl\/nase-storitve\/primeri-kibernetske-varnosti\/#primaryimage"},"thumbnailUrl":"https:\/\/static.angelis.si\/uploads\/2021\/12\/vulnerability-assessment-1.svg","datePublished":"2021-12-01T10:00:13+00:00","dateModified":"2023-08-04T09:40:23+00:00","breadcrumb":{"@id":"https:\/\/angelis.agency\/sl\/nase-storitve\/primeri-kibernetske-varnosti\/#breadcrumb"},"inLanguage":"en-US","potentialAction":[{"@type":"ReadAction","target":["https:\/\/angelis.agency\/sl\/nase-storitve\/primeri-kibernetske-varnosti\/"]}]},{"@type":"ImageObject","inLanguage":"en-US","@id":"https:\/\/angelis.agency\/sl\/nase-storitve\/primeri-kibernetske-varnosti\/#primaryimage","url":"https:\/\/static.angelis.si\/uploads\/2021\/12\/vulnerability-assessment-1.svg","contentUrl":"https:\/\/static.angelis.si\/uploads\/2021\/12\/vulnerability-assessment-1.svg"},{"@type":"BreadcrumbList","@id":"https:\/\/angelis.agency\/sl\/nase-storitve\/primeri-kibernetske-varnosti\/#breadcrumb","itemListElement":[{"@type":"ListItem","position":1,"name":"Home","item":"https:\/\/angelis.agency\/sl\/"},{"@type":"ListItem","position":2,"name":"Our services","item":"https:\/\/angelis.agency\/en\/our-services\/"},{"@type":"ListItem","position":3,"name":"Cyber security cases"}]},{"@type":"WebSite","@id":"https:\/\/angelis.agency\/sl\/#website","url":"https:\/\/angelis.agency\/sl\/","name":"ANGELIS AGENCY","description":"","potentialAction":[{"@type":"SearchAction","target":{"@type":"EntryPoint","urlTemplate":"https:\/\/angelis.agency\/sl\/?s={search_term_string}"},"query-input":{"@type":"PropertyValueSpecification","valueRequired":true,"valueName":"search_term_string"}}],"inLanguage":"en-US"}]}},"_links":{"self":[{"href":"https:\/\/angelis.agency\/en\/wp-json\/wp\/v2\/pages\/9718","targetHints":{"allow":["GET"]}}],"collection":[{"href":"https:\/\/angelis.agency\/en\/wp-json\/wp\/v2\/pages"}],"about":[{"href":"https:\/\/angelis.agency\/en\/wp-json\/wp\/v2\/types\/page"}],"author":[{"embeddable":true,"href":"https:\/\/angelis.agency\/en\/wp-json\/wp\/v2\/users\/4"}],"replies":[{"embeddable":true,"href":"https:\/\/angelis.agency\/en\/wp-json\/wp\/v2\/comments?post=9718"}],"version-history":[{"count":3,"href":"https:\/\/angelis.agency\/en\/wp-json\/wp\/v2\/pages\/9718\/revisions"}],"predecessor-version":[{"id":17815,"href":"https:\/\/angelis.agency\/en\/wp-json\/wp\/v2\/pages\/9718\/revisions\/17815"}],"up":[{"embeddable":true,"href":"https:\/\/angelis.agency\/en\/wp-json\/wp\/v2\/pages\/10325"}],"wp:attachment":[{"href":"https:\/\/angelis.agency\/en\/wp-json\/wp\/v2\/media?parent=9718"}],"curies":[{"name":"wp","href":"https:\/\/api.w.org\/{rel}","templated":true}]}}