{"id":8434,"date":"2021-11-02T14:00:50","date_gmt":"2021-11-02T14:00:50","guid":{"rendered":"https:\/\/agency.angelis.si\/?page_id=8434"},"modified":"2023-09-13T09:22:08","modified_gmt":"2023-09-13T07:22:08","slug":"construction","status":"publish","type":"page","link":"https:\/\/angelis.agency\/en\/our-services\/construction\/","title":{"rendered":"Construction"},"content":{"rendered":"\t\t<div data-elementor-type=\"wp-page\" data-elementor-id=\"8434\" class=\"elementor elementor-8434\">\n\t\t\t\t\t\t<section class=\"elementor-section elementor-top-section elementor-element elementor-element-883e09d elementor-section-stretched elementor-section-boxed elementor-section-height-default elementor-section-height-default\" data-id=\"883e09d\" data-element_type=\"section\" data-e-type=\"section\" data-settings=\"{&quot;stretch_section&quot;:&quot;section-stretched&quot;,&quot;background_background&quot;:&quot;classic&quot;}\">\n\t\t\t\t\t\t<div class=\"elementor-container elementor-column-gap-default\">\n\t\t\t\t\t<div class=\"elementor-column elementor-col-50 elementor-top-column elementor-element elementor-element-5684917\" data-id=\"5684917\" data-element_type=\"column\" data-e-type=\"column\" data-settings=\"{&quot;avante_ext_is_scrollme&quot;:&quot;false&quot;,&quot;avante_ext_is_smoove&quot;:&quot;false&quot;,&quot;avante_ext_is_parallax_mouse&quot;:&quot;false&quot;,&quot;avante_ext_is_infinite&quot;:&quot;false&quot;,&quot;avante_ext_link_sidemenu&quot;:&quot;false&quot;}\">\n\t\t\t<div class=\"elementor-widget-wrap elementor-element-populated\">\n\t\t\t\t\t\t<div class=\"elementor-element elementor-element-946bb09 elementor-widget-mobile__width-inherit elementor-widget elementor-widget-heading\" data-id=\"946bb09\" data-element_type=\"widget\" data-e-type=\"widget\" data-settings=\"{&quot;avante_ext_is_scrollme&quot;:&quot;false&quot;,&quot;avante_ext_is_parallax_mouse&quot;:&quot;false&quot;,&quot;avante_ext_is_infinite&quot;:&quot;false&quot;,&quot;avante_ext_link_sidemenu&quot;:&quot;false&quot;}\" data-widget_type=\"heading.default\">\n\t\t\t\t<div class=\"elementor-widget-container\">\n\t\t\t\t\t<h1 class=\"elementor-heading-title elementor-size-default\">Construction<\/h1>\t\t\t\t<\/div>\n\t\t\t\t<\/div>\n\t\t\t\t<div class=\"elementor-element elementor-element-24df061 elementor-widget__width-auto elementor-widget-mobile__width-inherit elementor-widget elementor-widget-heading\" data-id=\"24df061\" data-element_type=\"widget\" data-e-type=\"widget\" data-settings=\"{&quot;avante_ext_is_scrollme&quot;:&quot;false&quot;,&quot;avante_ext_is_parallax_mouse&quot;:&quot;false&quot;,&quot;avante_ext_is_infinite&quot;:&quot;false&quot;,&quot;avante_ext_link_sidemenu&quot;:&quot;false&quot;}\" data-widget_type=\"heading.default\">\n\t\t\t\t<div class=\"elementor-widget-container\">\n\t\t\t\t\t<div class=\"elementor-heading-title elementor-size-default\">Some of our recent projects in construction sector that we are proud of.<\/div>\t\t\t\t<\/div>\n\t\t\t\t<\/div>\n\t\t\t\t\t<\/div>\n\t\t<\/div>\n\t\t\t\t<div class=\"elementor-column elementor-col-50 elementor-top-column elementor-element elementor-element-3966854\" data-id=\"3966854\" data-element_type=\"column\" data-e-type=\"column\" data-settings=\"{&quot;avante_ext_is_scrollme&quot;:&quot;false&quot;,&quot;avante_ext_is_smoove&quot;:&quot;false&quot;,&quot;avante_ext_is_parallax_mouse&quot;:&quot;false&quot;,&quot;avante_ext_is_infinite&quot;:&quot;false&quot;,&quot;avante_ext_link_sidemenu&quot;:&quot;false&quot;}\">\n\t\t\t<div class=\"elementor-widget-wrap elementor-element-populated\">\n\t\t\t\t\t\t<div class=\"elementor-element elementor-element-46700c6 elementor-widget elementor-widget-image\" data-id=\"46700c6\" data-element_type=\"widget\" data-e-type=\"widget\" data-settings=\"{&quot;avante_ext_is_scrollme&quot;:&quot;false&quot;,&quot;avante_ext_is_smoove&quot;:&quot;false&quot;,&quot;avante_ext_is_parallax_mouse&quot;:&quot;false&quot;,&quot;avante_ext_is_infinite&quot;:&quot;false&quot;,&quot;avante_ext_link_sidemenu&quot;:&quot;false&quot;}\" data-widget_type=\"image.default\">\n\t\t\t\t<div class=\"elementor-widget-container\">\n\t\t\t\t\t\t\t\t\t\t\t\t\t\t\t<img fetchpriority=\"high\" decoding=\"async\" width=\"1024\" height=\"819\" src=\"https:\/\/static.angelis.si\/uploads\/2023\/07\/gradbenistvo-1024x819.png\" class=\"attachment-large size-large wp-image-17362\" alt=\"\" srcset=\"https:\/\/static.angelis.si\/uploads\/2023\/07\/gradbenistvo-1024x819.png 1024w, https:\/\/static.angelis.si\/uploads\/2023\/07\/gradbenistvo-300x240.png 300w, https:\/\/static.angelis.si\/uploads\/2023\/07\/gradbenistvo-768x614.png 768w, https:\/\/static.angelis.si\/uploads\/2023\/07\/gradbenistvo-440x352.png 440w, https:\/\/static.angelis.si\/uploads\/2023\/07\/gradbenistvo.png 1299w\" sizes=\"(max-width: 1024px) 100vw, 1024px\" \/>\t\t\t\t\t\t\t\t\t\t\t\t\t\t\t<\/div>\n\t\t\t\t<\/div>\n\t\t\t\t\t<\/div>\n\t\t<\/div>\n\t\t\t\t\t<\/div>\n\t\t<\/section>\n\t\t\t\t<section class=\"elementor-section elementor-top-section elementor-element elementor-element-391283b elementor-section-boxed elementor-section-height-default elementor-section-height-default\" data-id=\"391283b\" data-element_type=\"section\" data-e-type=\"section\">\n\t\t\t\t\t\t<div class=\"elementor-container elementor-column-gap-default\">\n\t\t\t\t\t<div class=\"elementor-column elementor-col-100 elementor-top-column elementor-element elementor-element-7e0ec8f\" data-id=\"7e0ec8f\" data-element_type=\"column\" data-e-type=\"column\" data-settings=\"{&quot;avante_ext_is_scrollme&quot;:&quot;false&quot;,&quot;avante_ext_is_smoove&quot;:&quot;false&quot;,&quot;avante_ext_is_parallax_mouse&quot;:&quot;false&quot;,&quot;avante_ext_is_infinite&quot;:&quot;false&quot;,&quot;avante_ext_link_sidemenu&quot;:&quot;false&quot;}\">\n\t\t\t<div class=\"elementor-widget-wrap elementor-element-populated\">\n\t\t\t\t\t\t<div class=\"elementor-element elementor-element-37eda20 elementor-widget elementor-widget-avante-blog-posts\" data-id=\"37eda20\" data-element_type=\"widget\" data-e-type=\"widget\" data-settings=\"{&quot;avante_ext_is_scrollme&quot;:&quot;false&quot;,&quot;avante_ext_is_smoove&quot;:&quot;false&quot;,&quot;avante_ext_is_parallax_mouse&quot;:&quot;false&quot;,&quot;avante_ext_is_infinite&quot;:&quot;false&quot;,&quot;avante_ext_link_sidemenu&quot;:&quot;false&quot;}\" data-widget_type=\"avante-blog-posts.default\">\n\t\t\t\t<div class=\"elementor-widget-container\">\n\t\t\t\t\t<div class=\"blog-post-content-wrapper layout-grid\">\n<!-- Begin each blog post -->\n<div class=\"blog-posts-grid post-9541 post type-post status-publish format-standard hentry category-construction tag-mobile_app_development\">\n\t\n\t\t<div class=\"post-wrapper smoove disable_tablet\" data-move-y=\"450px\" data-rotate-x=\"24deg\" data-delay=\"100\" data-minwidth=\"769\" data-offset=\"-30%\">\n\t\t\n\t\t\t    \n\t    <div class=\"post-content-wrapper text-\">\n\t\t    \n\t\t    <div class=\"post-header\">\n\t\t\t    \t\t\t\t<div class=\"post-header-title\">\n\t\t\t\t    <h5><a href=\"https:\/\/angelis.agency\/en\/gradbenistvo-jeric\/\" title=\"Mobile App Development @ Gradbeni\u0161tvo Jeri\u010d d.o.o.\">Mobile App Development @ Gradbeni\u0161tvo Jeri\u010d d.o.o.<\/a><\/h5>\n\t\t\t\t<\/div>\n\t\t\t<\/div>\n\t    \n\t\t\t<div class=\"post-header-wrapper\">\n\t\t\t\t<p>Mobile app development Company Gradbeni\u0161tvo Jeri\u010d is one of the central European area&#8217;s leading concrete paving companies.\u00a0 \u00a0 The use of modern equipment for pouring and levelling concrete slabs enables this company to easily apply pavement to large industrial concrete...<\/p>\t\t\t    <div class=\"post-button-wrapper\">\n\t\t\t\t    <a class=\"continue-reading\" href=\"https:\/\/angelis.agency\/en\/gradbenistvo-jeric\/\" title=\"Mobile App Development @ Gradbeni\u0161tvo Jeri\u010d d.o.o.\">Continue Reading<span><\/span><\/a>\n\t\t\t\t    \n\t\t\t\t    \t\t\t    <\/div>\n\t\t\t    <br class=\"clear\"\/>\n\t\t\t<\/div>\n\t    <\/div>\n\t    \n\t<\/div>\n\n<\/div>\n<!-- End each blog post --><\/div>\n<br class=\"clear\"\/>\t\t\t\t<\/div>\n\t\t\t\t<\/div>\n\t\t\t\t\t<\/div>\n\t\t<\/div>\n\t\t\t\t\t<\/div>\n\t\t<\/section>\n\t\t\t\t<\/div>\n\t\t","protected":false},"excerpt":{"rendered":"<p>Construction Some of our recent projects in construction sector that we are proud of. Mobile App Development @ Gradbeni\u0161tvo Jeri\u010d d.o.o. Mobile app development Company Gradbeni\u0161tvo Jeri\u010d is one of the central European area&#8217;s leading concrete paving companies\u00a0 \u00a0 The [&hellip;]<\/p>\n","protected":false},"author":4,"featured_media":0,"parent":10325,"menu_order":0,"comment_status":"closed","ping_status":"closed","template":"","meta":{"inline_featured_image":false,"footnotes":""},"class_list":["post-8434","page","type-page","status-publish","hentry"],"yoast_head":"<!-- This site is optimized with the Yoast SEO Premium plugin v22.6 (Yoast SEO v27.5) - https:\/\/yoast.com\/product\/yoast-seo-premium-wordpress\/ -->\n<title>Construction - ANGELIS AGENCY<\/title>\n<meta name=\"robots\" content=\"index, follow, max-snippet:-1, max-image-preview:large, max-video-preview:-1\" \/>\n<link rel=\"canonical\" href=\"https:\/\/angelis.agency\/en\/our-services\/construction\/\" \/>\n<meta property=\"og:locale\" content=\"en_US\" \/>\n<meta property=\"og:type\" content=\"article\" \/>\n<meta property=\"og:title\" content=\"Construction\" \/>\n<meta property=\"og:description\" content=\"Construction Some of our recent projects in construction sector that we are proud of. Mobile App Development @ Gradbeni\u0161tvo Jeri\u010d d.o.o. Mobile app development Company Gradbeni\u0161tvo Jeri\u010d is one of the central European area&#8217;s leading concrete paving companies\u00a0 \u00a0 The [&hellip;]\" \/>\n<meta property=\"og:url\" content=\"https:\/\/angelis.agency\/en\/our-services\/construction\/\" \/>\n<meta property=\"og:site_name\" content=\"ANGELIS AGENCY\" \/>\n<meta property=\"article:modified_time\" content=\"2023-09-13T07:22:08+00:00\" \/>\n<meta property=\"og:image\" content=\"https:\/\/static.angelis.si\/uploads\/2023\/07\/gradbenistvo-1024x819.png\" \/>\n<meta name=\"twitter:card\" content=\"summary_large_image\" \/>\n<meta name=\"twitter:label1\" content=\"Est. reading time\" \/>\n\t<meta name=\"twitter:data1\" content=\"1 minute\" \/>\n<script type=\"application\/ld+json\" class=\"yoast-schema-graph\">{\"@context\":\"https:\\\/\\\/schema.org\",\"@graph\":[{\"@type\":\"WebPage\",\"@id\":\"https:\\\/\\\/angelis.agency\\\/en\\\/our-services\\\/construction\\\/\",\"url\":\"https:\\\/\\\/angelis.agency\\\/en\\\/our-services\\\/construction\\\/\",\"name\":\"Construction - ANGELIS AGENCY\",\"isPartOf\":{\"@id\":\"https:\\\/\\\/angelis.agency\\\/sl\\\/#website\"},\"primaryImageOfPage\":{\"@id\":\"https:\\\/\\\/angelis.agency\\\/en\\\/our-services\\\/construction\\\/#primaryimage\"},\"image\":{\"@id\":\"https:\\\/\\\/angelis.agency\\\/en\\\/our-services\\\/construction\\\/#primaryimage\"},\"thumbnailUrl\":\"https:\\\/\\\/static.angelis.si\\\/uploads\\\/2023\\\/07\\\/gradbenistvo-1024x819.png\",\"datePublished\":\"2021-11-02T14:00:50+00:00\",\"dateModified\":\"2023-09-13T07:22:08+00:00\",\"breadcrumb\":{\"@id\":\"https:\\\/\\\/angelis.agency\\\/en\\\/our-services\\\/construction\\\/#breadcrumb\"},\"inLanguage\":\"en-US\",\"potentialAction\":[{\"@type\":\"ReadAction\",\"target\":[\"https:\\\/\\\/angelis.agency\\\/en\\\/our-services\\\/construction\\\/\"]}]},{\"@type\":\"ImageObject\",\"inLanguage\":\"en-US\",\"@id\":\"https:\\\/\\\/angelis.agency\\\/en\\\/our-services\\\/construction\\\/#primaryimage\",\"url\":\"https:\\\/\\\/static.angelis.si\\\/uploads\\\/2023\\\/07\\\/gradbenistvo-1024x819.png\",\"contentUrl\":\"https:\\\/\\\/static.angelis.si\\\/uploads\\\/2023\\\/07\\\/gradbenistvo-1024x819.png\"},{\"@type\":\"BreadcrumbList\",\"@id\":\"https:\\\/\\\/angelis.agency\\\/en\\\/our-services\\\/construction\\\/#breadcrumb\",\"itemListElement\":[{\"@type\":\"ListItem\",\"position\":1,\"name\":\"Home\",\"item\":\"https:\\\/\\\/angelis.agency\\\/sl\\\/\"},{\"@type\":\"ListItem\",\"position\":2,\"name\":\"Our services\",\"item\":\"https:\\\/\\\/angelis.agency\\\/en\\\/our-services\\\/\"},{\"@type\":\"ListItem\",\"position\":3,\"name\":\"Construction\"}]},{\"@type\":\"WebSite\",\"@id\":\"https:\\\/\\\/angelis.agency\\\/sl\\\/#website\",\"url\":\"https:\\\/\\\/angelis.agency\\\/sl\\\/\",\"name\":\"ANGELIS AGENCY\",\"description\":\"\",\"potentialAction\":[{\"@type\":\"SearchAction\",\"target\":{\"@type\":\"EntryPoint\",\"urlTemplate\":\"https:\\\/\\\/angelis.agency\\\/sl\\\/?s={search_term_string}\"},\"query-input\":{\"@type\":\"PropertyValueSpecification\",\"valueRequired\":true,\"valueName\":\"search_term_string\"}}],\"inLanguage\":\"en-US\"}]}<\/script>\n<!-- \/ Yoast SEO Premium plugin. -->","yoast_head_json":{"title":"Construction - ANGELIS AGENCY","robots":{"index":"index","follow":"follow","max-snippet":"max-snippet:-1","max-image-preview":"max-image-preview:large","max-video-preview":"max-video-preview:-1"},"canonical":"https:\/\/angelis.agency\/en\/our-services\/construction\/","og_locale":"en_US","og_type":"article","og_title":"Construction","og_description":"Construction Some of our recent projects in construction sector that we are proud of. Mobile App Development @ Gradbeni\u0161tvo Jeri\u010d d.o.o. Mobile app development Company Gradbeni\u0161tvo Jeri\u010d is one of the central European area&#8217;s leading concrete paving companies\u00a0 \u00a0 The [&hellip;]","og_url":"https:\/\/angelis.agency\/en\/our-services\/construction\/","og_site_name":"ANGELIS AGENCY","article_modified_time":"2023-09-13T07:22:08+00:00","og_image":[{"url":"https:\/\/static.angelis.si\/uploads\/2023\/07\/gradbenistvo-1024x819.png","type":"","width":"","height":""}],"twitter_card":"summary_large_image","twitter_misc":{"Est. reading time":"1 minute"},"schema":{"@context":"https:\/\/schema.org","@graph":[{"@type":"WebPage","@id":"https:\/\/angelis.agency\/en\/our-services\/construction\/","url":"https:\/\/angelis.agency\/en\/our-services\/construction\/","name":"Construction - ANGELIS AGENCY","isPartOf":{"@id":"https:\/\/angelis.agency\/sl\/#website"},"primaryImageOfPage":{"@id":"https:\/\/angelis.agency\/en\/our-services\/construction\/#primaryimage"},"image":{"@id":"https:\/\/angelis.agency\/en\/our-services\/construction\/#primaryimage"},"thumbnailUrl":"https:\/\/static.angelis.si\/uploads\/2023\/07\/gradbenistvo-1024x819.png","datePublished":"2021-11-02T14:00:50+00:00","dateModified":"2023-09-13T07:22:08+00:00","breadcrumb":{"@id":"https:\/\/angelis.agency\/en\/our-services\/construction\/#breadcrumb"},"inLanguage":"en-US","potentialAction":[{"@type":"ReadAction","target":["https:\/\/angelis.agency\/en\/our-services\/construction\/"]}]},{"@type":"ImageObject","inLanguage":"en-US","@id":"https:\/\/angelis.agency\/en\/our-services\/construction\/#primaryimage","url":"https:\/\/static.angelis.si\/uploads\/2023\/07\/gradbenistvo-1024x819.png","contentUrl":"https:\/\/static.angelis.si\/uploads\/2023\/07\/gradbenistvo-1024x819.png"},{"@type":"BreadcrumbList","@id":"https:\/\/angelis.agency\/en\/our-services\/construction\/#breadcrumb","itemListElement":[{"@type":"ListItem","position":1,"name":"Home","item":"https:\/\/angelis.agency\/sl\/"},{"@type":"ListItem","position":2,"name":"Our services","item":"https:\/\/angelis.agency\/en\/our-services\/"},{"@type":"ListItem","position":3,"name":"Construction"}]},{"@type":"WebSite","@id":"https:\/\/angelis.agency\/sl\/#website","url":"https:\/\/angelis.agency\/sl\/","name":"ANGELIS AGENCY","description":"","potentialAction":[{"@type":"SearchAction","target":{"@type":"EntryPoint","urlTemplate":"https:\/\/angelis.agency\/sl\/?s={search_term_string}"},"query-input":{"@type":"PropertyValueSpecification","valueRequired":true,"valueName":"search_term_string"}}],"inLanguage":"en-US"}]}},"_links":{"self":[{"href":"https:\/\/angelis.agency\/en\/wp-json\/wp\/v2\/pages\/8434","targetHints":{"allow":["GET"]}}],"collection":[{"href":"https:\/\/angelis.agency\/en\/wp-json\/wp\/v2\/pages"}],"about":[{"href":"https:\/\/angelis.agency\/en\/wp-json\/wp\/v2\/types\/page"}],"author":[{"embeddable":true,"href":"https:\/\/angelis.agency\/en\/wp-json\/wp\/v2\/users\/4"}],"replies":[{"embeddable":true,"href":"https:\/\/angelis.agency\/en\/wp-json\/wp\/v2\/comments?post=8434"}],"version-history":[{"count":12,"href":"https:\/\/angelis.agency\/en\/wp-json\/wp\/v2\/pages\/8434\/revisions"}],"predecessor-version":[{"id":18479,"href":"https:\/\/angelis.agency\/en\/wp-json\/wp\/v2\/pages\/8434\/revisions\/18479"}],"up":[{"embeddable":true,"href":"https:\/\/angelis.agency\/en\/wp-json\/wp\/v2\/pages\/10325"}],"wp:attachment":[{"href":"https:\/\/angelis.agency\/en\/wp-json\/wp\/v2\/media?parent=8434"}],"curies":[{"name":"wp","href":"https:\/\/api.w.org\/{rel}","templated":true}]}}